{"id":2698,"date":"2023-04-19T08:35:34","date_gmt":"2023-04-19T08:35:34","guid":{"rendered":"https:\/\/old.spottraveltours.com\/?page_id=2698"},"modified":"2024-12-05T16:36:11","modified_gmt":"2024-12-05T16:36:11","slug":"boa-vista","status":"publish","type":"page","link":"https:\/\/old.spottraveltours.com\/de\/boa-vista\/","title":{"rendered":"BOA VISTA"},"content":{"rendered":"<div data-elementor-type=\"wp-page\" data-elementor-id=\"2698\" class=\"elementor elementor-2698\">\n\t\t\t\t<div class=\"elementor-element elementor-element-768e043 e-con-full e-flex e-con e-parent\" data-id=\"768e043\" data-element_type=\"container\" data-settings=\"{&quot;background_background&quot;:&quot;classic&quot;,&quot;shape_divider_bottom&quot;:&quot;mountains&quot;}\">\n\t\t\t\t<div class=\"elementor-shape elementor-shape-bottom\" data-negative=\"false\">\n\t\t\t<svg xmlns=\"http:\/\/www.w3.org\/2000\/svg\" viewbox=\"0 0 1000 100\" preserveaspectratio=\"none\">\n\t<path class=\"elementor-shape-fill\" opacity=\"0.33\" d=\"M473,67.3c-203.9,88.3-263.1-34-320.3,0C66,119.1,0,59.7,0,59.7V0h1000v59.7 c0,0-62.1,26.1-94.9,29.3c-32.8,3.3-62.8-12.3-75.8-22.1C806,49.6,745.3,8.7,694.9,4.7S492.4,59,473,67.3z\"\/>\n\t<path class=\"elementor-shape-fill\" opacity=\"0.66\" d=\"M734,67.3c-45.5,0-77.2-23.2-129.1-39.1c-28.6-8.7-150.3-10.1-254,39.1 s-91.7-34.4-149.2,0C115.7,118.3,0,39.8,0,39.8V0h1000v36.5c0,0-28.2-18.5-92.1-18.5C810.2,18.1,775.7,67.3,734,67.3z\"\/>\n\t<path class=\"elementor-shape-fill\" d=\"M766.1,28.9c-200-57.5-266,65.5-395.1,19.5C242,1.8,242,5.4,184.8,20.6C128,35.8,132.3,44.9,89.9,52.5C28.6,63.7,0,0,0,0 h1000c0,0-9.9,40.9-83.6,48.1S829.6,47,766.1,28.9z\"\/>\n<\/svg>\t\t<\/div>\n\t\t<div class=\"elementor-element elementor-element-d42723c e-con-full e-flex e-con e-child\" data-id=\"d42723c\" data-element_type=\"container\">\n\t\t\t\t<div class=\"elementor-element elementor-element-3e1e353 elementor-invisible elementor-widget elementor-widget-heading\" data-id=\"3e1e353\" data-element_type=\"widget\" data-settings=\"{&quot;_animation&quot;:&quot;fadeIn&quot;}\" data-widget_type=\"heading.default\">\n\t\t\t\t<div class=\"elementor-widget-container\">\n\t\t\t\t\t<h2 class=\"elementor-heading-title elementor-size-default\">beste Erfahrungen in<\/h2>\t\t\t\t<\/div>\n\t\t\t\t<\/div>\n\t\t\t\t<div class=\"elementor-element elementor-element-b32f52b elementor-invisible elementor-widget elementor-widget-heading\" data-id=\"b32f52b\" data-element_type=\"widget\" data-settings=\"{&quot;_animation&quot;:&quot;fadeInDown&quot;,&quot;_animation_delay&quot;:200}\" data-widget_type=\"heading.default\">\n\t\t\t\t<div class=\"elementor-widget-container\">\n\t\t\t\t\t<h2 class=\"elementor-heading-title elementor-size-default\">Boa Vista<\/h2>\t\t\t\t<\/div>\n\t\t\t\t<\/div>\n\t\t\t\t<div class=\"elementor-element elementor-element-a535365 elementor-invisible elementor-widget elementor-widget-heading\" data-id=\"a535365\" data-element_type=\"widget\" data-settings=\"{&quot;_animation&quot;:&quot;fadeInDown&quot;,&quot;_animation_delay&quot;:400}\" data-widget_type=\"heading.default\">\n\t\t\t\t<div class=\"elementor-widget-container\">\n\t\t\t\t\t<h2 class=\"elementor-heading-title elementor-size-default\">Erleben Sie Boa Vista, die Insel der Sandd\u00fcnen, und genie\u00dfen Sie atemberaubende Str\u00e4nde und \u00fcppige Landschaften mit Ganztages- und Halbtages-Touren. Quad- und Buggy-Fahrten bieten aufregende Abenteuer durch Sandd\u00fcnen und Offroad-Strecken. Genie\u00dfen Sie den einfachen Transport mit praktischen Transferdiensten, die ein unvergessliches Erlebnis f\u00fcr alle versprechen.<\/h2>\t\t\t\t<\/div>\n\t\t\t\t<\/div>\n\t\t\t\t<\/div>\n\t\t\t\t<div class=\"elementor-element elementor-element-477a9ea elementor-pagination-position-inside elementor-widget__width-initial animated-fast elementor-skin-carousel elementor-pagination-type-bullets elementor-invisible elementor-widget elementor-widget-media-carousel\" data-id=\"477a9ea\" data-element_type=\"widget\" data-settings=\"{&quot;effect&quot;:&quot;fade&quot;,&quot;speed&quot;:700,&quot;autoplay_speed&quot;:7000,&quot;_animation&quot;:&quot;fadeIn&quot;,&quot;skin&quot;:&quot;carousel&quot;,&quot;pagination&quot;:&quot;bullets&quot;,&quot;autoplay&quot;:&quot;yes&quot;,&quot;loop&quot;:&quot;yes&quot;,&quot;pause_on_hover&quot;:&quot;yes&quot;,&quot;pause_on_interaction&quot;:&quot;yes&quot;,&quot;space_between&quot;:{&quot;unit&quot;:&quot;px&quot;,&quot;size&quot;:10,&quot;sizes&quot;:[]},&quot;space_between_widescreen&quot;:{&quot;unit&quot;:&quot;px&quot;,&quot;size&quot;:10,&quot;sizes&quot;:[]},&quot;space_between_laptop&quot;:{&quot;unit&quot;:&quot;px&quot;,&quot;size&quot;:10,&quot;sizes&quot;:[]},&quot;space_between_tablet_extra&quot;:{&quot;unit&quot;:&quot;px&quot;,&quot;size&quot;:10,&quot;sizes&quot;:[]},&quot;space_between_tablet&quot;:{&quot;unit&quot;:&quot;px&quot;,&quot;size&quot;:10,&quot;sizes&quot;:[]},&quot;space_between_mobile&quot;:{&quot;unit&quot;:&quot;px&quot;,&quot;size&quot;:10,&quot;sizes&quot;:[]}}\" data-widget_type=\"media-carousel.default\">\n\t\t\t\t<div class=\"elementor-widget-container\">\n\t\t\t\t\t\t\t<div class=\"elementor-swiper\">\n\t\t\t<div class=\"elementor-main-swiper swiper-container\">\n\t\t\t\t<div class=\"swiper-wrapper\">\n\t\t\t\t\t\t\t\t\t\t\t<div class=\"swiper-slide\">\n\t\t\t\t\t\t\t\t\t<div class=\"elementor-carousel-image\" style=\"background-image: url(https:\/\/old.spottraveltours.com\/wp-content\/uploads\/2023\/04\/fulldayboavista.webp)\">\n\n\t\t\t\n\t\t\t\t\t<\/div>\n\t\t\t\t\t\t\t\t<\/div>\n\t\t\t\t\t\t\t\t\t\t\t<div class=\"swiper-slide\">\n\t\t\t\t\t\t\t\t\t<div class=\"elementor-carousel-image\" style=\"background-image: url(https:\/\/old.spottraveltours.com\/wp-content\/uploads\/2023\/04\/halfdayboavista.webp)\">\n\n\t\t\t\n\t\t\t\t\t<\/div>\n\t\t\t\t\t\t\t\t<\/div>\n\t\t\t\t\t\t\t\t\t\t\t<div class=\"swiper-slide\">\n\t\t\t\t\t\t\t\t\t<div class=\"elementor-carousel-image\" style=\"background-image: url(https:\/\/old.spottraveltours.com\/wp-content\/uploads\/2023\/04\/morrodeareiaboavista.webp)\">\n\n\t\t\t\n\t\t\t\t\t<\/div>\n\t\t\t\t\t\t\t\t<\/div>\n\t\t\t\t\t\t\t\t\t\t\t<div class=\"swiper-slide\">\n\t\t\t\t\t\t\t\t\t<div class=\"elementor-carousel-image\" style=\"background-image: url(https:\/\/old.spottraveltours.com\/wp-content\/uploads\/2023\/04\/boavistalisting.jpg)\">\n\n\t\t\t\n\t\t\t\t\t<\/div>\n\t\t\t\t\t\t\t\t<\/div>\n\t\t\t\t\t\t\t\t\t\t\t<div class=\"swiper-slide\">\n\t\t\t\t\t\t\t\t\t<div class=\"elementor-carousel-image\" style=\"background-image: url(https:\/\/old.spottraveltours.com\/wp-content\/uploads\/2023\/04\/boavistaextreme.webp)\">\n\n\t\t\t\n\t\t\t\t\t<\/div>\n\t\t\t\t\t\t\t\t<\/div>\n\t\t\t\t\t\t\t\t\t\t\t<div class=\"swiper-slide\">\n\t\t\t\t\t\t\t\t\t<div class=\"elementor-carousel-image\" style=\"background-image: url(https:\/\/old.spottraveltours.com\/wp-content\/uploads\/2023\/04\/transferboavista.webp)\">\n\n\t\t\t\n\t\t\t\t\t<\/div>\n\t\t\t\t\t\t\t\t<\/div>\n\t\t\t\t\t\t\t\t\t<\/div>\n\t\t\t\t\t\t\t\t\t\t\t\t\t\t\t<div class=\"swiper-pagination\"><\/div>\n\t\t\t\t\t\t\t\t\t\t\t\t\t\t\t\t\t<\/div>\n\t\t<\/div>\n\t\t\t\t\t\t<\/div>\n\t\t\t\t<\/div>\n\t\t\t\t<\/div>\n\t\t<div class=\"elementor-element elementor-element-4a19328 e-flex e-con-boxed e-con e-parent\" data-id=\"4a19328\" data-element_type=\"container\">\n\t\t\t\t\t<div class=\"e-con-inner\">\n\t\t<div class=\"elementor-element elementor-element-7090cf4 e-flex e-con-boxed e-con e-child\" data-id=\"7090cf4\" data-element_type=\"container\">\n\t\t\t\t\t<div class=\"e-con-inner\">\n\t\t\t\t<div class=\"elementor-element elementor-element-be54548 elementor-widget elementor-widget-html\" data-id=\"be54548\" data-element_type=\"widget\" data-widget_type=\"html.default\">\n\t\t\t\t<div class=\"elementor-widget-container\">\n\t\t\t\t\t<script type=\"text\/javascript\" src=\"https:\/\/widgets.bokun.io\/assets\/javascripts\/apps\/build\/BokunWidgetsLoader.js?bookingChannelUUID=0a2f0b0a-9348-47f2-b51e-5828200ce68f\" async><\/script>\n     \n    <div class=\"bokunWidget\" data-src=\"https:\/\/widgets.bokun.io\/online-sales\/0a2f0b0a-9348-47f2-b51e-5828200ce68f\/product-list\/80265\"><\/div>\n    <noscript>Please enable javascript in your browser to book<\/noscript>\n\t\t\t\t<\/div>\n\t\t\t\t<\/div>\n\t\t\t\t\t<\/div>\n\t\t\t\t<\/div>\n\t\t<div class=\"elementor-element elementor-element-90a754d e-con-full e-flex e-con e-child\" data-id=\"90a754d\" data-element_type=\"container\">\n\t\t\t\t<div class=\"elementor-element elementor-element-5c1b370 elementor-widget__width-auto elementor-widget-divider--view-line elementor-widget elementor-widget-divider\" data-id=\"5c1b370\" data-element_type=\"widget\" data-widget_type=\"divider.default\">\n\t\t\t\t<div class=\"elementor-widget-container\">\n\t\t\t\t\t\t\t<div class=\"elementor-divider\">\n\t\t\t<span class=\"elementor-divider-separator\">\n\t\t\t\t\t\t<\/span>\n\t\t<\/div>\n\t\t\t\t\t\t<\/div>\n\t\t\t\t<\/div>\n\t\t\t\t<div class=\"elementor-element elementor-element-b05a36f elementor-widget elementor-widget-heading\" data-id=\"b05a36f\" data-element_type=\"widget\" data-widget_type=\"heading.default\">\n\t\t\t\t<div class=\"elementor-widget-container\">\n\t\t\t\t\t<h2 class=\"elementor-heading-title elementor-size-default\">Genie\u00dfe die besten<br>Aktivit\u00e4ten<\/h2>\t\t\t\t<\/div>\n\t\t\t\t<\/div>\n\t\t\t\t<div class=\"elementor-element elementor-element-da11806 elementor-widget__width-auto elementor-hidden-widescreen elementor-hidden-desktop elementor-hidden-laptop elementor-hidden-tablet_extra elementor-hidden-tablet elementor-widget-divider--view-line elementor-widget elementor-widget-divider\" data-id=\"da11806\" data-element_type=\"widget\" data-widget_type=\"divider.default\">\n\t\t\t\t<div class=\"elementor-widget-container\">\n\t\t\t\t\t\t\t<div class=\"elementor-divider\">\n\t\t\t<span class=\"elementor-divider-separator\">\n\t\t\t\t\t\t<\/span>\n\t\t<\/div>\n\t\t\t\t\t\t<\/div>\n\t\t\t\t<\/div>\n\t\t\t\t<\/div>\n\t\t<div class=\"elementor-element elementor-element-10efd6f e-con-full e-flex e-con e-child\" data-id=\"10efd6f\" data-element_type=\"container\">\n\t\t\t\t<div class=\"elementor-element elementor-element-7e52136 elementor-widget elementor-widget-heading\" data-id=\"7e52136\" data-element_type=\"widget\" data-widget_type=\"heading.default\">\n\t\t\t\t<div class=\"elementor-widget-container\">\n\t\t\t\t\t<h2 class=\"elementor-heading-title elementor-size-default\">Erkunde die anderen Inseln<\/h2>\t\t\t\t<\/div>\n\t\t\t\t<\/div>\n\t\t\t\t<div class=\"elementor-element elementor-element-654f321 elementor-widget elementor-widget-heading\" data-id=\"654f321\" data-element_type=\"widget\" data-widget_type=\"heading.default\">\n\t\t\t\t<div class=\"elementor-widget-container\">\n\t\t\t\t\t<h2 class=\"elementor-heading-title elementor-size-default\">von Kabo Verde<\/h2>\t\t\t\t<\/div>\n\t\t\t\t<\/div>\n\t\t\t\t<\/div>\n\t\t\t\t\t<\/div>\n\t\t\t\t<\/div>\n\t\t<div class=\"elementor-element elementor-element-f4efd1a e-flex e-con-boxed e-con e-parent\" data-id=\"f4efd1a\" data-element_type=\"container\">\n\t\t\t\t\t<div class=\"e-con-inner\">\n\t\t\t\t\t<\/div>\n\t\t\t\t<\/div>\n\t\t\t\t<\/div>","protected":false},"excerpt":{"rendered":"<p>best experiences in Boa Vista Explore Boa Vista, the Sand Dunes&#8217; Island, experience stunning beaches and lush landscapes with full-day and half-day tours. Quad bike and buggy rides offer exhilarating adventures through sand dunes and off-road trails. Enjoy easy transportation with convenient transfer services, promising an unforgettable experience for all. Please enable javascript in your&hellip;&nbsp;<a href=\"https:\/\/old.spottraveltours.com\/de\/boa-vista\/\" class=\"\" rel=\"bookmark\">Weiterlesen &raquo;<span class=\"screen-reader-text\">BOA VISTA<\/span><\/a><\/p>","protected":false},"author":1,"featured_media":0,"parent":0,"menu_order":0,"comment_status":"closed","ping_status":"closed","template":"elementor_header_footer","meta":{"neve_meta_sidebar":"","neve_meta_container":"","neve_meta_enable_content_width":"","neve_meta_content_width":0,"neve_meta_title_alignment":"","neve_meta_author_avatar":"","neve_post_elements_order":"","neve_meta_disable_header":"","neve_meta_disable_footer":"","neve_meta_disable_title":"","footnotes":""},"class_list":["post-2698","page","type-page","status-publish","hentry"],"yoast_head":"<!-- This site is optimized with the Yoast SEO plugin v22.0 - https:\/\/yoast.com\/wordpress\/plugins\/seo\/ -->\n<title>BOA VISTA - Spot Travel Tours<\/title>\n<meta name=\"robots\" content=\"index, follow, max-snippet:-1, max-image-preview:large, max-video-preview:-1\" \/>\n<link rel=\"canonical\" href=\"https:\/\/old.spottraveltours.com\/de\/boa-vista\/\" \/>\n<meta property=\"og:locale\" content=\"de_DE\" \/>\n<meta property=\"og:type\" content=\"article\" \/>\n<meta property=\"og:title\" content=\"BOA VISTA - Spot Travel Tours\" \/>\n<meta property=\"og:description\" content=\"best experiences in Boa Vista Explore Boa Vista, the Sand Dunes&#8217; Island, experience stunning beaches and lush landscapes with full-day and half-day tours. Quad bike and buggy rides offer exhilarating adventures through sand dunes and off-road trails. Enjoy easy transportation with convenient transfer services, promising an unforgettable experience for all. Please enable javascript in your&hellip;&nbsp;Weiterlesen &raquo;BOA VISTA\" \/>\n<meta property=\"og:url\" content=\"https:\/\/old.spottraveltours.com\/de\/boa-vista\/\" \/>\n<meta property=\"og:site_name\" content=\"Spot Travel Tours\" \/>\n<meta property=\"article:publisher\" content=\"https:\/\/www.facebook.com\/spottourscv\/\" \/>\n<meta property=\"article:modified_time\" content=\"2024-12-05T16:36:11+00:00\" \/>\n<meta property=\"og:image\" content=\"https:\/\/old.spottraveltours.com\/wp-content\/uploads\/2023\/11\/DJI_20231009_150449_012_video.mp4.00_01_14_33.Still004-scaled.webp\" \/>\n\t<meta property=\"og:image:width\" content=\"2560\" \/>\n\t<meta property=\"og:image:height\" content=\"1440\" \/>\n\t<meta property=\"og:image:type\" content=\"image\/jpeg\" \/>\n<meta name=\"twitter:card\" content=\"summary_large_image\" \/>\n<meta name=\"twitter:label1\" content=\"Gesch\u00e4tzte Lesezeit\" \/>\n\t<meta name=\"twitter:data1\" content=\"1 Minute\" \/>\n<script type=\"application\/ld+json\" class=\"yoast-schema-graph\">{\"@context\":\"https:\/\/schema.org\",\"@graph\":[{\"@type\":\"WebPage\",\"@id\":\"https:\/\/old.spottraveltours.com\/boa-vista\/\",\"url\":\"https:\/\/old.spottraveltours.com\/boa-vista\/\",\"name\":\"BOA VISTA - Spot Travel Tours\",\"isPartOf\":{\"@id\":\"https:\/\/old.spottraveltours.com\/#website\"},\"datePublished\":\"2023-04-19T08:35:34+00:00\",\"dateModified\":\"2024-12-05T16:36:11+00:00\",\"breadcrumb\":{\"@id\":\"https:\/\/old.spottraveltours.com\/boa-vista\/#breadcrumb\"},\"inLanguage\":\"de\",\"potentialAction\":[{\"@type\":\"ReadAction\",\"target\":[\"https:\/\/old.spottraveltours.com\/boa-vista\/\"]}]},{\"@type\":\"BreadcrumbList\",\"@id\":\"https:\/\/old.spottraveltours.com\/boa-vista\/#breadcrumb\",\"itemListElement\":[{\"@type\":\"ListItem\",\"position\":1,\"name\":\"In\u00edcio\",\"item\":\"https:\/\/old.spottraveltours.com\/\"},{\"@type\":\"ListItem\",\"position\":2,\"name\":\"BOA VISTA\"}]},{\"@type\":\"WebSite\",\"@id\":\"https:\/\/old.spottraveltours.com\/#website\",\"url\":\"https:\/\/old.spottraveltours.com\/\",\"name\":\"Spot Travel Tours\",\"description\":\"Cabo Verde ao Teu Ritmo\",\"publisher\":{\"@id\":\"https:\/\/old.spottraveltours.com\/#organization\"},\"potentialAction\":[{\"@type\":\"SearchAction\",\"target\":{\"@type\":\"EntryPoint\",\"urlTemplate\":\"https:\/\/old.spottraveltours.com\/?s={search_term_string}\"},\"query-input\":\"required name=search_term_string\"}],\"inLanguage\":\"de\"},{\"@type\":\"Organization\",\"@id\":\"https:\/\/old.spottraveltours.com\/#organization\",\"name\":\"Spot Travel Tours\",\"url\":\"https:\/\/old.spottraveltours.com\/\",\"logo\":{\"@type\":\"ImageObject\",\"inLanguage\":\"de\",\"@id\":\"https:\/\/old.spottraveltours.com\/#\/schema\/logo\/image\/\",\"url\":\"https:\/\/old.spottraveltours.com\/wp-content\/uploads\/2023\/03\/logocor.png\",\"contentUrl\":\"https:\/\/old.spottraveltours.com\/wp-content\/uploads\/2023\/03\/logocor.png\",\"width\":951,\"height\":950,\"caption\":\"Spot Travel Tours\"},\"image\":{\"@id\":\"https:\/\/old.spottraveltours.com\/#\/schema\/logo\/image\/\"},\"sameAs\":[\"https:\/\/www.facebook.com\/spottourscv\/\",\"https:\/\/www.facebook.com\/spottravel\/\",\"https:\/\/www.instagram.com\/spottourscv\/\",\"https:\/\/www.instagram.com\/spottraveltours\/\"]}]}<\/script>\n<!-- \/ Yoast SEO plugin. -->","yoast_head_json":{"title":"BOA VISTA - Spot Travel Tours","robots":{"index":"index","follow":"follow","max-snippet":"max-snippet:-1","max-image-preview":"max-image-preview:large","max-video-preview":"max-video-preview:-1"},"canonical":"https:\/\/old.spottraveltours.com\/de\/boa-vista\/","og_locale":"de_DE","og_type":"article","og_title":"BOA VISTA - Spot Travel Tours","og_description":"best experiences in Boa Vista Explore Boa Vista, the Sand Dunes&#8217; Island, experience stunning beaches and lush landscapes with full-day and half-day tours. Quad bike and buggy rides offer exhilarating adventures through sand dunes and off-road trails. Enjoy easy transportation with convenient transfer services, promising an unforgettable experience for all. Please enable javascript in your&hellip;&nbsp;Weiterlesen &raquo;BOA VISTA","og_url":"https:\/\/old.spottraveltours.com\/de\/boa-vista\/","og_site_name":"Spot Travel Tours","article_publisher":"https:\/\/www.facebook.com\/spottourscv\/","article_modified_time":"2024-12-05T16:36:11+00:00","og_image":[{"width":2560,"height":1440,"url":"https:\/\/old.spottraveltours.com\/wp-content\/uploads\/2023\/11\/DJI_20231009_150449_012_video.mp4.00_01_14_33.Still004-scaled.webp","type":"image\/jpeg"}],"twitter_card":"summary_large_image","twitter_misc":{"Gesch\u00e4tzte Lesezeit":"1 Minute"},"schema":{"@context":"https:\/\/schema.org","@graph":[{"@type":"WebPage","@id":"https:\/\/old.spottraveltours.com\/boa-vista\/","url":"https:\/\/old.spottraveltours.com\/boa-vista\/","name":"BOA VISTA - Spot Travel Tours","isPartOf":{"@id":"https:\/\/old.spottraveltours.com\/#website"},"datePublished":"2023-04-19T08:35:34+00:00","dateModified":"2024-12-05T16:36:11+00:00","breadcrumb":{"@id":"https:\/\/old.spottraveltours.com\/boa-vista\/#breadcrumb"},"inLanguage":"de","potentialAction":[{"@type":"ReadAction","target":["https:\/\/old.spottraveltours.com\/boa-vista\/"]}]},{"@type":"BreadcrumbList","@id":"https:\/\/old.spottraveltours.com\/boa-vista\/#breadcrumb","itemListElement":[{"@type":"ListItem","position":1,"name":"In\u00edcio","item":"https:\/\/old.spottraveltours.com\/"},{"@type":"ListItem","position":2,"name":"BOA VISTA"}]},{"@type":"WebSite","@id":"https:\/\/old.spottraveltours.com\/#website","url":"https:\/\/old.spottraveltours.com\/","name":"Spot Travel Tours","description":"Cabo Verde ao Teu Ritmo","publisher":{"@id":"https:\/\/old.spottraveltours.com\/#organization"},"potentialAction":[{"@type":"SearchAction","target":{"@type":"EntryPoint","urlTemplate":"https:\/\/old.spottraveltours.com\/?s={search_term_string}"},"query-input":"required name=search_term_string"}],"inLanguage":"de"},{"@type":"Organization","@id":"https:\/\/old.spottraveltours.com\/#organization","name":"Spot Travel Tours","url":"https:\/\/old.spottraveltours.com\/","logo":{"@type":"ImageObject","inLanguage":"de","@id":"https:\/\/old.spottraveltours.com\/#\/schema\/logo\/image\/","url":"https:\/\/old.spottraveltours.com\/wp-content\/uploads\/2023\/03\/logocor.png","contentUrl":"https:\/\/old.spottraveltours.com\/wp-content\/uploads\/2023\/03\/logocor.png","width":951,"height":950,"caption":"Spot Travel Tours"},"image":{"@id":"https:\/\/old.spottraveltours.com\/#\/schema\/logo\/image\/"},"sameAs":["https:\/\/www.facebook.com\/spottourscv\/","https:\/\/www.facebook.com\/spottravel\/","https:\/\/www.instagram.com\/spottourscv\/","https:\/\/www.instagram.com\/spottraveltours\/"]}]}},"_links":{"self":[{"href":"https:\/\/old.spottraveltours.com\/de\/wp-json\/wp\/v2\/pages\/2698","targetHints":{"allow":["GET"]}}],"collection":[{"href":"https:\/\/old.spottraveltours.com\/de\/wp-json\/wp\/v2\/pages"}],"about":[{"href":"https:\/\/old.spottraveltours.com\/de\/wp-json\/wp\/v2\/types\/page"}],"author":[{"embeddable":true,"href":"https:\/\/old.spottraveltours.com\/de\/wp-json\/wp\/v2\/users\/1"}],"replies":[{"embeddable":true,"href":"https:\/\/old.spottraveltours.com\/de\/wp-json\/wp\/v2\/comments?post=2698"}],"version-history":[{"count":76,"href":"https:\/\/old.spottraveltours.com\/de\/wp-json\/wp\/v2\/pages\/2698\/revisions"}],"predecessor-version":[{"id":4529,"href":"https:\/\/old.spottraveltours.com\/de\/wp-json\/wp\/v2\/pages\/2698\/revisions\/4529"}],"wp:attachment":[{"href":"https:\/\/old.spottraveltours.com\/de\/wp-json\/wp\/v2\/media?parent=2698"}],"curies":[{"name":"wp","href":"https:\/\/api.w.org\/{rel}","templated":true}]}}