{"id":1544,"date":"2023-03-14T15:08:14","date_gmt":"2023-03-14T15:08:14","guid":{"rendered":"https:\/\/old.spottraveltours.com\/?page_id=1544"},"modified":"2023-09-28T11:21:17","modified_gmt":"2023-09-28T11:21:17","slug":"test","status":"publish","type":"page","link":"https:\/\/old.spottraveltours.com\/en\/test\/","title":{"rendered":"Test"},"content":{"rendered":"\t\t<div data-elementor-type=\"wp-page\" data-elementor-id=\"1544\" class=\"elementor elementor-1544\">\n\t\t\t\t<div class=\"elementor-element elementor-element-544cdd0 e-flex e-con-boxed e-con e-parent\" data-id=\"544cdd0\" data-element_type=\"container\">\n\t\t\t\t\t<div class=\"e-con-inner\">\n\t\t\t\t<div class=\"elementor-element elementor-element-045640f elementor-widget elementor-widget-html\" data-id=\"045640f\" data-element_type=\"widget\" data-widget_type=\"html.default\">\n\t\t\t\t<div class=\"elementor-widget-container\">\n\t\t\t\t\t\r\n<div id=\"frm_busqueda_home\">\r\n<div class=\"container\">\r\n<div id=\"tabs_portada_formularios\">\r\n<ul class=\"list-unstyled list-inline\">\r\n\r\n<\/ul>\r\n<\/div>\r\n<br>\r\n<div id=\"form_wrapper\">\r\n<div id=\"frm_busqueda_div\"><script type=\"text\/javascript\" language=\"javascript\" src=\"\/js\/buscador_vuelos.js\"><\/script>\r\n<script type=\"text\/javascript\">\r\n$(document).ready(function() {\r\n\r\n\/\/ montamos el objeto con las variables para pasarle a la plantilla hbs\r\ntemplate_data = {};\r\ntemplate_data.ninos_edad_minima = 0;\r\nif ($('#edad_minima_ninos_hidden').val() != '') {\r\ntemplate_data.ninos_edad_minima = parseInt($('#edad_minima_ninos_hidden').val());\r\n}\r\ntemplate_data.ninos_edad_maxima = 12;\r\nif ($('#edad_maxima_ninos_hidden').val() != '') {\r\ntemplate_data.ninos_edad_maxima = parseInt($('#edad_maxima_ninos_hidden').val());\r\n}\r\ntemplate_data.traducciones = {};\r\ntemplate_data.traducciones.habitacion = 'Quarto';\r\ntemplate_data.traducciones.borrar_habitacion = 'Excluir quarto';\r\ntemplate_data.traducciones.adultos = 'Adultos';\r\ntemplate_data.traducciones.ninos = 'Crian\u00e7as';\r\ntemplate_data.traducciones.edades_ninos_texto = 'Idades crian\\u00e7as na data da viagem';\r\n\/\/ template_data.num_habitacion = Object.keys(template_data.habitaciones).length;\r\n\/\/ par\u00e1metros por defecto para la ocupacion\r\ntemplate_data.habitaciones = {};\r\ntemplate_data.habitaciones[1] = {};\r\nif ($('body').data('vuelos_numadults')) {\r\ntemplate_data.habitaciones[1].num_adults = $('body').data('vuelos_numadults');\r\n} else {\r\ntemplate_data.habitaciones[1].num_adults = 2;\r\n}\r\ntemplate_data.habitaciones[1].num_ninos = 0;\r\ntemplate_data.num_habitacion = 1;\r\n\/\/ si hemos hecho una b\u00fasquda parseamos desde PHP los valores de la ocupacion\r\n\r\n$('#edades_ninos_').show();\r\n\/\/ console.log(template_data);\r\ngetTemplateAjax('\/js\/_templates\/rooms.hbs', template_data, '#habitaciones', 'calcular_ocupaciones_new', template_data.num_habitacion);\r\n});\r\n<\/script>\r\n<form id=\"frm_buscador\" action=\"\/pt\/voos\/voos\/buscar.htm\" method=\"get\" class=\"frm_buscador_vuelos\">\r\n<input type=\"hidden\" name=\"search\" value=\"true\">\r\n<input type=\"hidden\" name=\"article_class_type_id\" id=\"article_class_type_id\" value=\"3\">\r\n<input type=\"hidden\" name=\"origin_flight\" id=\"frm_buscador_vuelos_iata_origen\" value=\"\">\r\n<input type=\"hidden\" name=\"destiny_flight\" id=\"frm_buscador_vuelos_iata_destino\" value=\"\">\r\n<input type=\"hidden\" name=\"edad_minima_ninos_hidden\" id=\"edad_minima_ninos_hidden\" value=\"0\">\r\n<input type=\"hidden\" name=\"edad_maxima_ninos_hidden\" id=\"edad_maxima_ninos_hidden\" value=\"11\">\r\n<input type=\"hidden\" name=\"resident\" id=\"resident\" value=\"\">\r\n<div class=\"row frm_fields\">\r\n<div class=\"col-xs-12 col-md-1\">\r\n<div class=\"form-group\">\r\n<div class=\"ida_vuelta_div row\">\r\n<div class=\"col-xs-6 col-md-12\">\r\n<input type=\"button\" name=\"button_solo_ida\" id=\"button_solo_ida\" value=\"S\u00d3 IDA\" class=\"btn btn-default btn-block\">\r\n<\/div>\r\n<div class=\"col-xs-6 col-md-12\">\r\n<input type=\"button\" name=\"button_ida_vuelta\" id=\"button_ida_vuelta\" value=\"IDA E VOLTA\" class=\"btn btn-default btn-block boton_seleccionado\">\r\n<\/div>\r\n<input type=\"hidden\" name=\"type_flight\" id=\"type_flight\" value=\"2\">\r\n<\/div>\r\n<\/div>\r\n<\/div>\r\n<div class=\"col-xs-12 col-md-5\">\r\n<div class=\"col-sm-6 campos\">\r\n<div class=\"form-group\">\r\n<div class=\"aeropuerto_origen_div\">\r\n<label for=\"frm_buscador_vuelos_aeropuerto_origen\" class=\"form-label\">Origem<\/label>\r\n<input type=\"text\" rel=\"origen\" name=\"frm_buscador_vuelos_aeropuerto_origen\" id=\"frm_buscador_vuelos_aeropuerto_origen\" placeholder=\"Aeroporto de...\" class=\"autocompleter_aeropuertos aeropuerto_origen vuelos_ciudad form-control\" value=\"\" autocomplete=\"off\">\r\n<div class=\"autocompleter_resultados autocompleter_resultados_aeropuerto_origen\"><\/div>\r\n<\/div>\r\n<\/div>\r\n<\/div>\r\n<div class=\"col-sm-6 campos\">\r\n<div class=\"form-group\">\r\n<div class=\"aeropuerto_destino_div\">\r\n<label for=\"frm_buscador_vuelos_aeropuerto_destino\" class=\"form-label\">Destino<\/label>\r\n<input type=\"text\" rel=\"destino\" name=\"frm_buscador_vuelos_aeropuerto_destino\" id=\"frm_buscador_vuelos_aeropuerto_destino\" placeholder=\"Aeroporto de...\" class=\"autocompleter_aeropuertos aeropuerto_destino form-control\" value=\"\" autocomplete=\"off\">\r\n<div class=\"autocompleter_resultados autocompleter_resultados_aeropuerto_destino\"><\/div>\r\n<\/div>\r\n<\/div>\r\n<\/div>\r\n<\/div>\r\n<div class=\"sep_form_tablet hidden\"><\/div>\r\n<div class=\"col-xs-9 col-md-3\">\r\n<div class=\"col-xs-6 campos\">\r\n<div class=\"form-group\">\r\n<div class=\"fecha_ida_div\">\r\n<label for=\"departure_date\" class=\"form-label\">Ida<\/label>\r\n<input type=\"text\" name=\"departure_date\" id=\"departure_date\" value=\"\" class=\"fecha fecha_ida form-control hasDatepicker\" title=\"Data de sa\u00edda\" readonly=\"readonly\">\r\n<\/div>\r\n<\/div>\r\n<\/div>\r\n<div class=\"col-xs-6 campos\">\r\n<div class=\"form-group\">\r\n<div class=\"fecha_vuelta_div\" id=\"vuelos_fecha_vuelta\">\r\n<label for=\"return_date\" class=\"form-label\">Regresso<\/label>\r\n<input type=\"text\" name=\"return_date\" id=\"return_date\" value=\"\" class=\"fecha fecha_vuelta form-control hasDatepicker\" title=\"Data de regresso\" readonly=\"readonly\">\r\n<\/div>\r\n<\/div>\r\n<\/div>\r\n<\/div>\r\n<div class=\"col-xs-3 col-md-1 campos form-group btn_ocupaciones\">\r\n<div id=\"buscador_ocupaciones_new\">\r\n<div>\r\n<span class=\"ocupacion_icon ocupacion_icon_adultos\" title=\"Adultos\"><\/span>\r\n<span id=\"ocupacion_adultos\">1<\/span>\r\n<\/div>\r\n<div style=\"left: 30px;\">\r\n<span class=\"ocupacion_icon ocupacion_icon_ninos\" title=\"Crian\u00e7as\"><\/span>\r\n<span id=\"ocupacion_ninos\">0<\/span>\r\n<\/div>\r\n<\/div>\r\n<input type=\"text\" class=\"campos form-control\">\r\n<\/div>\r\n<div class=\"clearfix hidden-md hidden-lg\"><\/div>\r\n<div class=\"col-md-2\">\r\n<div class=\"form-group\">\r\n<input type=\"submit\" id=\"frm_buscador_submit_vuelos\" name=\"frm_buscador_submit\" value=\"Pesquisar\" class=\"btn btn-primary btn-block btn-buscar\" data-tipo=\"vuelos\">\r\n<\/div>\r\n<\/div>\r\n<div class=\"modal fade modal_residentes\" tabindex=\"-1\" role=\"dialog\">\r\n<div class=\"modal-dialog modal-md\">\r\n<div class=\"modal-content\">\r\n<div class=\"modal-header\">\r\n<button type=\"button\" class=\"close\" data-dismiss=\"modal\" aria-label=\"Close\"><span aria-hidden=\"true\">\u00d7<\/span><\/button>\r\n<h4 class=\"modal-title\" id=\"gridSystemModalLabel\"><strong>Desconto de residente<\/strong><\/h4>\r\n<\/div>\r\n<div class=\"modal-body\">\r\n<div class=\"row\">\r\n<div class=\"col-xs-9\">\r\n<select name=\"resident\" id=\"resident\" class=\"form-control\" data-tipo=\"vuelos\"><\/select><br>\r\n<\/div>\r\n<div class=\"col-xs-3\">\r\n<button aria-label=\"Close\" data-dismiss=\"modal\" class=\"btn btn-success\" type=\"button\"><span aria-hidden=\"true\">Aceitar<\/span><\/button>\r\n<\/div>\r\n<\/div>\r\n<a href=\"#info_residentes_no_comunitarios_texto\" data-toggle=\"collapse\" class=\"btn btn-default btn-xs boton_desplegable boton_desplegable_menu\">\r\nNova legisla\u00e7\u00e3o para cidad\u00e3os n\u00e3o comunit\u00e1rios <span class=\"fal fa-angle-down\"><\/span>\r\n<\/a>\r\n<div id=\"info_residentes_no_comunitarios_texto\" class=\"alert alert-info mt collapse\">\r\n<p>\r\n<strong>Informa\u00e7\u00e3o para passageiros n\u00e3o residentes na EU:<\/strong><br>\r\nDesde el 01 de abril de 2013, tambi\u00e9n se benefician del descuento los familiares de los ciudadanos citados anteriormente que sean nacionales de terceros pa\u00edses (no comunitarios) beneficiarios del derecho de residencia o del derecho de residencia permanente y los ciudadanos nacionales de terceros pa\u00edses residentes de larga duraci\u00f3n.\r\n<\/p>\r\n<\/div>\r\n<\/div>\r\n<\/div>\r\n<\/div>\r\n<\/div>\r\n<div class=\"modal fade modal_ocupaciones modal_ocupaciones_new\" tabindex=\"-1\" role=\"dialog\">\r\n<div class=\"modal-dialog modal-sm\">\r\n<div class=\"modal-content\">\r\n<div id=\"habitaciones_message\">\r\n<p><i class=\"fal fa-exclamation-circle\"><\/i><\/p>\r\n<p>El n\u00famero de ocupaciones no puede ser mayor de 9<\/p><br>\r\n<p><a href=\"#\" class=\"btn btn-primary\">Aceitar<\/a><\/p>\r\n<\/div>\r\n<div class=\"modal-header\">\r\n<button type=\"button\" class=\"close\" data-dismiss=\"modal\" aria-label=\"Close\"><span aria-hidden=\"true\">\u00d7<\/span><\/button>\r\n<h4 class=\"modal-title\" id=\"gridSystemModalLabel\"><strong>Ocupaci\u00f3n<\/strong><\/h4>\r\n<\/div>\r\n<div class=\"modal-body\">\r\n<div id=\"habitaciones\">  <div id=\"habitacion_1\" data-num_habitacion=\"1\" class=\"habitacion\">\r\n    <p>\r\n      <i class=\"fal fa-bed-alt black\"><\/i>\r\n      <span class=\"black\">Quarto 1<\/span>\r\n    <\/p>\r\n    <div class=\"row pb\">\r\n      <div class=\"col-xs-4\">\r\n        <i class=\"fal fa-male\"><\/i> Adultos\r\n      <\/div>\r\n      <div class=\"col-xs-5\">\r\n        <div class=\"input-group\">\r\n          <a href=\"\" class=\"input-group-addon btn btn-adultos-menos\"><i class=\"fal fa-minus\"><\/i><\/a>\r\n          <input type=\"text\" name=\"habitaciones[1][adultos]\" id=\"hab_adultos_1\" class=\"form-control input-sm input_adultos\" value=\"1\">\r\n          <a href=\"\" class=\"input-group-addon btn btn-adultos-mas\"><i class=\"fal fa-plus\"><\/i><\/a>\r\n        <\/div>\r\n      <\/div>\r\n    <\/div>\r\n    <div class=\"row\">\r\n      <div class=\"col-xs-4\">\r\n        <i class=\"fal fa-child\"><\/i> Crian\u00e7as\r\n      <\/div>\r\n      <div class=\"col-xs-5\">\r\n        <div class=\"input-group\">\r\n          <a href=\"\" class=\"input-group-addon btn btn-ninos-menos disabled\"><i class=\"fal fa-minus\"><\/i><\/a>\r\n          <input type=\"text\" name=\"habitaciones[1][ninos]\" id=\"hab_ninos_1\" class=\"form-control input-sm input_ninos\" value=\"0\">\r\n          <a href=\"\" class=\"input-group-addon btn btn-ninos-mas\"><i class=\"fal fa-plus\"><\/i><\/a>\r\n        <\/div>\r\n      <\/div>\r\n    <\/div>\r\n    <div id=\"edades_ninos_1\" style=\"display: none; margin-bottom: 0;\" class=\"mt\">\r\n      <div class=\"edades_ninos_texto\">Idades crian\u00e7as na data da viagem<\/div>\r\n      <div class=\"row\">\r\n      <\/div>\r\n    <\/div>\r\n  <\/div>\r\n<\/div>\r\n<a href=\"\" class=\"add_room\">Adicionar quarto <i class=\"fal fa-plus-circle\"><\/i><\/a>\r\n<\/div>\r\n<div class=\"modal-footer\">\r\n<button aria-label=\"Close\" data-dismiss=\"modal\" class=\"btn btn-primary btn-sm\" type=\"button\" id=\"cerrar_ocupaciones\">\r\n<span aria-hidden=\"true\">Aceitar<\/span>\r\n<\/button>\r\n<\/div>\r\n<\/div>\r\n<\/div>\r\n<\/div>\r\n<div id=\"frm_buscador_error\"><ul class=\"error\"><\/ul><\/div>\r\n<div class=\"clearfix\"><\/div>\r\n<\/div>\r\n<div id=\"filtros_avanzados_container\">\r\n<a href=\"#filtros_avanzados_vuelos\" class=\"filtros_avanzados_link filtros_avanzados_link_active\">\r\n<i class=\"fal fa-angle-up\"><\/i> Filtros de voos\r\n\r\n<\/a>\r\n<div id=\"filtros_avanzados_vuelos\" class=\"collapse filtros_avanzados in\">\r\n<div class=\"row\">\r\n<div class=\"col-sm-6 col-md-4\">\r\n<div class=\"campos form-group\">\r\n<label for=\"fa_cabin\" class=\"form-label\">Cabine<\/label>\r\n<select name=\"fa_cabin\" size=\"1\" class=\"form-control\">\r\n<option value=\"\">Todas<\/option>\r\n<option value=\"Y\">Turista<\/option>\r\n<option value=\"F\">First<\/option>\r\n<option value=\"C\">Business<\/option>\r\n<\/select>\r\n<\/div>\r\n<\/div>\r\n<div class=\"col-sm-6 col-md-4\">\r\n<div class=\"form-group\">\r\n<div id=\"box_buscador_busqueda_maletas_checkbox\" class=\"checkbox filtros_avanzados_checkboxes\">\r\n<label>\r\n<input type=\"checkbox\" name=\"fa_maletas\" id=\"box_buscador_busqueda_maletas\" value=\"1\"> Inclui bagagem de por\u00e3o\r\n<\/label>\r\n<\/div>\r\n<\/div>\r\n<\/div>\r\n<div class=\"col-sm-6 col-md-4\">\r\n<div class=\"form-group\">\r\n<div id=\"box_buscador_vuelos_directos_checkbox\" class=\"checkbox filtros_avanzados_checkboxes\">\r\n<label>\r\n<input type=\"checkbox\" name=\"fa_directos\" id=\"box_buscador_vuelos_directos\" value=\"1\"> S\u00f3 voos diretos\r\n<\/label>\r\n<\/div>\r\n<\/div>\r\n<\/div>\r\n<\/div>\r\n<\/div>\r\n<\/div>\r\n<\/form><\/div>\r\n<\/div>\r\n<\/div>\r\n<\/div>\t\t\t\t<\/div>\n\t\t\t\t<\/div>\n\t\t\t\t\t<\/div>\n\t\t\t\t<\/div>\n\t\t\t\t<\/div>\n\t\t","protected":false},"excerpt":{"rendered":"<p>Origem Destino Ida Regresso 1 0 \u00d7 Desconto de residente Aceitar Nova legisla\u00e7\u00e3o para cidad\u00e3os n\u00e3o comunit\u00e1rios Informa\u00e7\u00e3o para passageiros n\u00e3o residentes na EU: Desde el 01 de abril de 2013, tambi\u00e9n se benefician del descuento los familiares de los ciudadanos citados anteriormente que sean nacionales de terceros pa\u00edses (no comunitarios) beneficiarios del derecho de&hellip;&nbsp;<a href=\"https:\/\/old.spottraveltours.com\/en\/test\/\" class=\"\" rel=\"bookmark\">Read More &raquo;<span class=\"screen-reader-text\">Test<\/span><\/a><\/p>\n","protected":false},"author":1,"featured_media":0,"parent":0,"menu_order":1,"comment_status":"closed","ping_status":"closed","template":"page-templates\/template-pagebuilder-full-width.php","meta":{"neve_meta_sidebar":"","neve_meta_container":"","neve_meta_enable_content_width":"","neve_meta_content_width":0,"neve_meta_title_alignment":"","neve_meta_author_avatar":"","neve_post_elements_order":"","neve_meta_disable_header":"","neve_meta_disable_footer":"","neve_meta_disable_title":"","footnotes":""},"class_list":["post-1544","page","type-page","status-publish","hentry"],"yoast_head":"<!-- This site is optimized with the Yoast SEO plugin v22.0 - https:\/\/yoast.com\/wordpress\/plugins\/seo\/ -->\n<title>Test - Spot Travel Tours<\/title>\n<meta name=\"robots\" content=\"index, follow, max-snippet:-1, max-image-preview:large, max-video-preview:-1\" \/>\n<link rel=\"canonical\" href=\"https:\/\/old.spottraveltours.com\/en\/test\/\" \/>\n<meta property=\"og:locale\" content=\"en_GB\" \/>\n<meta property=\"og:type\" content=\"article\" \/>\n<meta property=\"og:title\" content=\"Test - Spot Travel Tours\" \/>\n<meta property=\"og:description\" content=\"Origem Destino Ida Regresso 1 0 \u00d7 Desconto de residente Aceitar Nova legisla\u00e7\u00e3o para cidad\u00e3os n\u00e3o comunit\u00e1rios Informa\u00e7\u00e3o para passageiros n\u00e3o residentes na EU: Desde el 01 de abril de 2013, tambi\u00e9n se benefician del descuento los familiares de los ciudadanos citados anteriormente que sean nacionales de terceros pa\u00edses (no comunitarios) beneficiarios del derecho de&hellip;&nbsp;Read More &raquo;Test\" \/>\n<meta property=\"og:url\" content=\"https:\/\/old.spottraveltours.com\/en\/test\/\" \/>\n<meta property=\"og:site_name\" content=\"Spot Travel Tours\" \/>\n<meta property=\"article:publisher\" content=\"https:\/\/www.facebook.com\/spottourscv\/\" \/>\n<meta property=\"article:modified_time\" content=\"2023-09-28T11:21:17+00:00\" \/>\n<meta property=\"og:image\" content=\"https:\/\/old.spottraveltours.com\/wp-content\/uploads\/2023\/11\/DJI_20231009_150449_012_video.mp4.00_01_14_33.Still004-scaled.webp\" \/>\n\t<meta property=\"og:image:width\" content=\"2560\" \/>\n\t<meta property=\"og:image:height\" content=\"1440\" \/>\n\t<meta property=\"og:image:type\" content=\"image\/jpeg\" \/>\n<meta name=\"twitter:card\" content=\"summary_large_image\" \/>\n<meta name=\"twitter:label1\" content=\"Estimated reading time\" \/>\n\t<meta name=\"twitter:data1\" content=\"1 minute\" \/>\n<script type=\"application\/ld+json\" class=\"yoast-schema-graph\">{\"@context\":\"https:\/\/schema.org\",\"@graph\":[{\"@type\":\"WebPage\",\"@id\":\"https:\/\/old.spottraveltours.com\/test\/\",\"url\":\"https:\/\/old.spottraveltours.com\/test\/\",\"name\":\"Test - Spot Travel Tours\",\"isPartOf\":{\"@id\":\"https:\/\/old.spottraveltours.com\/#website\"},\"datePublished\":\"2023-03-14T15:08:14+00:00\",\"dateModified\":\"2023-09-28T11:21:17+00:00\",\"breadcrumb\":{\"@id\":\"https:\/\/old.spottraveltours.com\/test\/#breadcrumb\"},\"inLanguage\":\"en-GB\",\"potentialAction\":[{\"@type\":\"ReadAction\",\"target\":[\"https:\/\/old.spottraveltours.com\/test\/\"]}]},{\"@type\":\"BreadcrumbList\",\"@id\":\"https:\/\/old.spottraveltours.com\/test\/#breadcrumb\",\"itemListElement\":[{\"@type\":\"ListItem\",\"position\":1,\"name\":\"In\u00edcio\",\"item\":\"https:\/\/old.spottraveltours.com\/\"},{\"@type\":\"ListItem\",\"position\":2,\"name\":\"Test\"}]},{\"@type\":\"WebSite\",\"@id\":\"https:\/\/old.spottraveltours.com\/#website\",\"url\":\"https:\/\/old.spottraveltours.com\/\",\"name\":\"Spot Travel Tours\",\"description\":\"Cabo Verde ao Teu Ritmo\",\"publisher\":{\"@id\":\"https:\/\/old.spottraveltours.com\/#organization\"},\"potentialAction\":[{\"@type\":\"SearchAction\",\"target\":{\"@type\":\"EntryPoint\",\"urlTemplate\":\"https:\/\/old.spottraveltours.com\/?s={search_term_string}\"},\"query-input\":\"required name=search_term_string\"}],\"inLanguage\":\"en-GB\"},{\"@type\":\"Organization\",\"@id\":\"https:\/\/old.spottraveltours.com\/#organization\",\"name\":\"Spot Travel Tours\",\"url\":\"https:\/\/old.spottraveltours.com\/\",\"logo\":{\"@type\":\"ImageObject\",\"inLanguage\":\"en-GB\",\"@id\":\"https:\/\/old.spottraveltours.com\/#\/schema\/logo\/image\/\",\"url\":\"https:\/\/old.spottraveltours.com\/wp-content\/uploads\/2023\/03\/logocor.png\",\"contentUrl\":\"https:\/\/old.spottraveltours.com\/wp-content\/uploads\/2023\/03\/logocor.png\",\"width\":951,\"height\":950,\"caption\":\"Spot Travel Tours\"},\"image\":{\"@id\":\"https:\/\/old.spottraveltours.com\/#\/schema\/logo\/image\/\"},\"sameAs\":[\"https:\/\/www.facebook.com\/spottourscv\/\",\"https:\/\/www.facebook.com\/spottravel\/\",\"https:\/\/www.instagram.com\/spottourscv\/\",\"https:\/\/www.instagram.com\/spottraveltours\/\"]}]}<\/script>\n<!-- \/ Yoast SEO plugin. -->","yoast_head_json":{"title":"Test - Spot Travel Tours","robots":{"index":"index","follow":"follow","max-snippet":"max-snippet:-1","max-image-preview":"max-image-preview:large","max-video-preview":"max-video-preview:-1"},"canonical":"https:\/\/old.spottraveltours.com\/en\/test\/","og_locale":"en_GB","og_type":"article","og_title":"Test - Spot Travel Tours","og_description":"Origem Destino Ida Regresso 1 0 \u00d7 Desconto de residente Aceitar Nova legisla\u00e7\u00e3o para cidad\u00e3os n\u00e3o comunit\u00e1rios Informa\u00e7\u00e3o para passageiros n\u00e3o residentes na EU: Desde el 01 de abril de 2013, tambi\u00e9n se benefician del descuento los familiares de los ciudadanos citados anteriormente que sean nacionales de terceros pa\u00edses (no comunitarios) beneficiarios del derecho de&hellip;&nbsp;Read More &raquo;Test","og_url":"https:\/\/old.spottraveltours.com\/en\/test\/","og_site_name":"Spot Travel Tours","article_publisher":"https:\/\/www.facebook.com\/spottourscv\/","article_modified_time":"2023-09-28T11:21:17+00:00","og_image":[{"width":2560,"height":1440,"url":"https:\/\/old.spottraveltours.com\/wp-content\/uploads\/2023\/11\/DJI_20231009_150449_012_video.mp4.00_01_14_33.Still004-scaled.webp","type":"image\/jpeg"}],"twitter_card":"summary_large_image","twitter_misc":{"Estimated reading time":"1 minute"},"schema":{"@context":"https:\/\/schema.org","@graph":[{"@type":"WebPage","@id":"https:\/\/old.spottraveltours.com\/test\/","url":"https:\/\/old.spottraveltours.com\/test\/","name":"Test - Spot Travel Tours","isPartOf":{"@id":"https:\/\/old.spottraveltours.com\/#website"},"datePublished":"2023-03-14T15:08:14+00:00","dateModified":"2023-09-28T11:21:17+00:00","breadcrumb":{"@id":"https:\/\/old.spottraveltours.com\/test\/#breadcrumb"},"inLanguage":"en-GB","potentialAction":[{"@type":"ReadAction","target":["https:\/\/old.spottraveltours.com\/test\/"]}]},{"@type":"BreadcrumbList","@id":"https:\/\/old.spottraveltours.com\/test\/#breadcrumb","itemListElement":[{"@type":"ListItem","position":1,"name":"In\u00edcio","item":"https:\/\/old.spottraveltours.com\/"},{"@type":"ListItem","position":2,"name":"Test"}]},{"@type":"WebSite","@id":"https:\/\/old.spottraveltours.com\/#website","url":"https:\/\/old.spottraveltours.com\/","name":"Spot Travel Tours","description":"Cabo Verde ao Teu Ritmo","publisher":{"@id":"https:\/\/old.spottraveltours.com\/#organization"},"potentialAction":[{"@type":"SearchAction","target":{"@type":"EntryPoint","urlTemplate":"https:\/\/old.spottraveltours.com\/?s={search_term_string}"},"query-input":"required name=search_term_string"}],"inLanguage":"en-GB"},{"@type":"Organization","@id":"https:\/\/old.spottraveltours.com\/#organization","name":"Spot Travel Tours","url":"https:\/\/old.spottraveltours.com\/","logo":{"@type":"ImageObject","inLanguage":"en-GB","@id":"https:\/\/old.spottraveltours.com\/#\/schema\/logo\/image\/","url":"https:\/\/old.spottraveltours.com\/wp-content\/uploads\/2023\/03\/logocor.png","contentUrl":"https:\/\/old.spottraveltours.com\/wp-content\/uploads\/2023\/03\/logocor.png","width":951,"height":950,"caption":"Spot Travel Tours"},"image":{"@id":"https:\/\/old.spottraveltours.com\/#\/schema\/logo\/image\/"},"sameAs":["https:\/\/www.facebook.com\/spottourscv\/","https:\/\/www.facebook.com\/spottravel\/","https:\/\/www.instagram.com\/spottourscv\/","https:\/\/www.instagram.com\/spottraveltours\/"]}]}},"_links":{"self":[{"href":"https:\/\/old.spottraveltours.com\/en\/wp-json\/wp\/v2\/pages\/1544","targetHints":{"allow":["GET"]}}],"collection":[{"href":"https:\/\/old.spottraveltours.com\/en\/wp-json\/wp\/v2\/pages"}],"about":[{"href":"https:\/\/old.spottraveltours.com\/en\/wp-json\/wp\/v2\/types\/page"}],"author":[{"embeddable":true,"href":"https:\/\/old.spottraveltours.com\/en\/wp-json\/wp\/v2\/users\/1"}],"replies":[{"embeddable":true,"href":"https:\/\/old.spottraveltours.com\/en\/wp-json\/wp\/v2\/comments?post=1544"}],"version-history":[{"count":67,"href":"https:\/\/old.spottraveltours.com\/en\/wp-json\/wp\/v2\/pages\/1544\/revisions"}],"predecessor-version":[{"id":3763,"href":"https:\/\/old.spottraveltours.com\/en\/wp-json\/wp\/v2\/pages\/1544\/revisions\/3763"}],"wp:attachment":[{"href":"https:\/\/old.spottraveltours.com\/en\/wp-json\/wp\/v2\/media?parent=1544"}],"curies":[{"name":"wp","href":"https:\/\/api.w.org\/{rel}","templated":true}]}}