{"id":2689,"date":"2023-04-19T08:31:10","date_gmt":"2023-04-19T08:31:10","guid":{"rendered":"https:\/\/old.spottraveltours.com\/?page_id=2689"},"modified":"2024-12-05T17:14:42","modified_gmt":"2024-12-05T17:14:42","slug":"sal-island","status":"publish","type":"page","link":"https:\/\/old.spottraveltours.com\/fr\/sal-island\/","title":{"rendered":"\u00ceLE DU SAL"},"content":{"rendered":"<div data-elementor-type=\"wp-page\" data-elementor-id=\"2689\" class=\"elementor elementor-2689\">\n\t\t\t\t<div class=\"elementor-element elementor-element-f1f73e1 e-con-full e-flex e-con e-parent\" data-id=\"f1f73e1\" data-element_type=\"container\" data-settings=\"{&quot;background_background&quot;:&quot;classic&quot;,&quot;background_motion_fx_motion_fx_scrolling&quot;:&quot;yes&quot;,&quot;shape_divider_bottom&quot;:&quot;mountains&quot;,&quot;background_motion_fx_devices&quot;:[&quot;widescreen&quot;,&quot;desktop&quot;,&quot;laptop&quot;,&quot;tablet_extra&quot;,&quot;tablet&quot;,&quot;mobile&quot;]}\">\n\t\t\t\t<div class=\"elementor-shape elementor-shape-bottom\" data-negative=\"false\">\n\t\t\t<svg xmlns=\"http:\/\/www.w3.org\/2000\/svg\" viewbox=\"0 0 1000 100\" preserveaspectratio=\"none\">\n\t<path class=\"elementor-shape-fill\" opacity=\"0.33\" d=\"M473,67.3c-203.9,88.3-263.1-34-320.3,0C66,119.1,0,59.7,0,59.7V0h1000v59.7 c0,0-62.1,26.1-94.9,29.3c-32.8,3.3-62.8-12.3-75.8-22.1C806,49.6,745.3,8.7,694.9,4.7S492.4,59,473,67.3z\"\/>\n\t<path class=\"elementor-shape-fill\" opacity=\"0.66\" d=\"M734,67.3c-45.5,0-77.2-23.2-129.1-39.1c-28.6-8.7-150.3-10.1-254,39.1 s-91.7-34.4-149.2,0C115.7,118.3,0,39.8,0,39.8V0h1000v36.5c0,0-28.2-18.5-92.1-18.5C810.2,18.1,775.7,67.3,734,67.3z\"\/>\n\t<path class=\"elementor-shape-fill\" d=\"M766.1,28.9c-200-57.5-266,65.5-395.1,19.5C242,1.8,242,5.4,184.8,20.6C128,35.8,132.3,44.9,89.9,52.5C28.6,63.7,0,0,0,0 h1000c0,0-9.9,40.9-83.6,48.1S829.6,47,766.1,28.9z\"\/>\n<\/svg>\t\t<\/div>\n\t\t<div class=\"elementor-element elementor-element-ca0458b e-con-full e-flex e-con e-child\" data-id=\"ca0458b\" data-element_type=\"container\">\n\t\t\t\t<div class=\"elementor-element elementor-element-c0cdd6a elementor-invisible elementor-widget elementor-widget-heading\" data-id=\"c0cdd6a\" data-element_type=\"widget\" data-settings=\"{&quot;_animation&quot;:&quot;fadeIn&quot;}\" data-widget_type=\"heading.default\">\n\t\t\t\t<div class=\"elementor-widget-container\">\n\t\t\t\t\t<h2 class=\"elementor-heading-title elementor-size-default\">meilleures exp\u00e9riences \u00e0<\/h2>\t\t\t\t<\/div>\n\t\t\t\t<\/div>\n\t\t\t\t<div class=\"elementor-element elementor-element-33662ad elementor-invisible elementor-widget elementor-widget-heading\" data-id=\"33662ad\" data-element_type=\"widget\" data-settings=\"{&quot;_animation&quot;:&quot;fadeInDown&quot;,&quot;_animation_delay&quot;:200}\" data-widget_type=\"heading.default\">\n\t\t\t\t<div class=\"elementor-widget-container\">\n\t\t\t\t\t<h2 class=\"elementor-heading-title elementor-size-default\">\u00cele de Sal<\/h2>\t\t\t\t<\/div>\n\t\t\t\t<\/div>\n\t\t\t\t<div class=\"elementor-element elementor-element-d6b7167 elementor-invisible elementor-widget elementor-widget-heading\" data-id=\"d6b7167\" data-element_type=\"widget\" data-settings=\"{&quot;_animation&quot;:&quot;fadeInDown&quot;,&quot;_animation_delay&quot;:400}\" data-widget_type=\"heading.default\">\n\t\t\t\t<div class=\"elementor-widget-container\">\n\t\t\t\t\t<h2 class=\"elementor-heading-title elementor-size-default\">L'\u00eele de Sal, au Cap-Vert, est un paradis pour les amateurs de soleil et les passionn\u00e9s de sports nautiques. Avec ses plages \u00e9poustouflantes, des activit\u00e9s palpitantes telles que la plong\u00e9e et la planche \u00e0 voile, et des options de d\u00e9tente comme des promenades et des soins de spa, l'\u00eele r\u00e9pond \u00e0 tous les besoins. Explorez son int\u00e9rieur captivant, visitez des villes vibrantes, savourez la cuisine locale et immergez-vous dans la riche culture. L'\u00eele de Sal promet un voyage inoubliable \u00e0 tous les visiteurs.<\/h2>\t\t\t\t<\/div>\n\t\t\t\t<\/div>\n\t\t\t\t<\/div>\n\t\t\t\t<div class=\"elementor-element elementor-element-5923103 elementor-pagination-position-inside elementor-widget__width-initial animated-fast elementor-skin-carousel elementor-pagination-type-bullets elementor-invisible elementor-widget elementor-widget-media-carousel\" data-id=\"5923103\" data-element_type=\"widget\" data-settings=\"{&quot;effect&quot;:&quot;fade&quot;,&quot;speed&quot;:700,&quot;autoplay_speed&quot;:7000,&quot;_animation&quot;:&quot;fadeIn&quot;,&quot;space_between&quot;:{&quot;unit&quot;:&quot;px&quot;,&quot;size&quot;:14,&quot;sizes&quot;:[]},&quot;skin&quot;:&quot;carousel&quot;,&quot;pagination&quot;:&quot;bullets&quot;,&quot;autoplay&quot;:&quot;yes&quot;,&quot;loop&quot;:&quot;yes&quot;,&quot;pause_on_hover&quot;:&quot;yes&quot;,&quot;pause_on_interaction&quot;:&quot;yes&quot;,&quot;space_between_widescreen&quot;:{&quot;unit&quot;:&quot;px&quot;,&quot;size&quot;:10,&quot;sizes&quot;:[]},&quot;space_between_laptop&quot;:{&quot;unit&quot;:&quot;px&quot;,&quot;size&quot;:10,&quot;sizes&quot;:[]},&quot;space_between_tablet_extra&quot;:{&quot;unit&quot;:&quot;px&quot;,&quot;size&quot;:10,&quot;sizes&quot;:[]},&quot;space_between_tablet&quot;:{&quot;unit&quot;:&quot;px&quot;,&quot;size&quot;:10,&quot;sizes&quot;:[]},&quot;space_between_mobile&quot;:{&quot;unit&quot;:&quot;px&quot;,&quot;size&quot;:10,&quot;sizes&quot;:[]}}\" data-widget_type=\"media-carousel.default\">\n\t\t\t\t<div class=\"elementor-widget-container\">\n\t\t\t\t\t\t\t<div class=\"elementor-swiper\">\n\t\t\t<div class=\"elementor-main-swiper swiper-container\">\n\t\t\t\t<div class=\"swiper-wrapper\">\n\t\t\t\t\t\t\t\t\t\t\t<div class=\"swiper-slide\">\n\t\t\t\t\t\t\t\t\t<div class=\"elementor-carousel-image\" style=\"background-image: url(https:\/\/old.spottraveltours.com\/wp-content\/uploads\/2023\/04\/salislandtax.jpg)\">\n\n\t\t\t\n\t\t\t\t\t<\/div>\n\t\t\t\t\t\t\t\t<\/div>\n\t\t\t\t\t\t\t\t\t\t\t<div class=\"swiper-slide\">\n\t\t\t\t\t\t\t\t\t<div class=\"elementor-carousel-image\" style=\"background-image: url(https:\/\/old.spottraveltours.com\/wp-content\/uploads\/2023\/04\/IMG_17248-Large.jpg)\">\n\n\t\t\t\n\t\t\t\t\t<\/div>\n\t\t\t\t\t\t\t\t<\/div>\n\t\t\t\t\t\t\t\t\t\t\t<div class=\"swiper-slide\">\n\t\t\t\t\t\t\t\t\t<div class=\"elementor-carousel-image\" style=\"background-image: url(https:\/\/old.spottraveltours.com\/wp-content\/uploads\/2023\/02\/IMG_172710-scaled.jpg)\">\n\n\t\t\t\n\t\t\t\t\t<\/div>\n\t\t\t\t\t\t\t\t<\/div>\n\t\t\t\t\t\t\t\t\t\t\t<div class=\"swiper-slide\">\n\t\t\t\t\t\t\t\t\t<div class=\"elementor-carousel-image\" style=\"background-image: url(https:\/\/old.spottraveltours.com\/wp-content\/uploads\/2023\/02\/sunsethiking.webp)\">\n\n\t\t\t\n\t\t\t\t\t<\/div>\n\t\t\t\t\t\t\t\t<\/div>\n\t\t\t\t\t\t\t\t\t\t\t<div class=\"swiper-slide\">\n\t\t\t\t\t\t\t\t\t<div class=\"elementor-carousel-image\" style=\"background-image: url(https:\/\/old.spottraveltours.com\/wp-content\/uploads\/2023\/02\/cvsite2.jpeg)\">\n\n\t\t\t\n\t\t\t\t\t<\/div>\n\t\t\t\t\t\t\t\t<\/div>\n\t\t\t\t\t\t\t\t\t\t\t<div class=\"swiper-slide\">\n\t\t\t\t\t\t\t\t\t<div class=\"elementor-carousel-image\" style=\"background-image: url(https:\/\/old.spottraveltours.com\/wp-content\/uploads\/2023\/03\/sal-package.jpg)\">\n\n\t\t\t\n\t\t\t\t\t<\/div>\n\t\t\t\t\t\t\t\t<\/div>\n\t\t\t\t\t\t\t\t\t<\/div>\n\t\t\t\t\t\t\t\t\t\t\t\t\t\t\t<div class=\"swiper-pagination\"><\/div>\n\t\t\t\t\t\t\t\t\t\t\t\t\t\t\t\t\t<\/div>\n\t\t<\/div>\n\t\t\t\t\t\t<\/div>\n\t\t\t\t<\/div>\n\t\t\t\t<\/div>\n\t\t<div class=\"elementor-element elementor-element-6b6dc25 e-flex e-con-boxed e-con e-parent\" data-id=\"6b6dc25\" data-element_type=\"container\">\n\t\t\t\t\t<div class=\"e-con-inner\">\n\t\t<div class=\"elementor-element elementor-element-d53f0c0 e-flex e-con-boxed e-con e-child\" data-id=\"d53f0c0\" data-element_type=\"container\">\n\t\t\t\t\t<div class=\"e-con-inner\">\n\t\t\t\t<div class=\"elementor-element elementor-element-3bac6ac elementor-widget elementor-widget-html\" data-id=\"3bac6ac\" data-element_type=\"widget\" data-widget_type=\"html.default\">\n\t\t\t\t<div class=\"elementor-widget-container\">\n\t\t\t\t\t<script type=\"text\/javascript\" src=\"https:\/\/widgets.bokun.io\/assets\/javascripts\/apps\/build\/BokunWidgetsLoader.js?bookingChannelUUID=0a2f0b0a-9348-47f2-b51e-5828200ce68f\" async><\/script>\n     \n    <div class=\"bokunWidget\" data-src=\"https:\/\/widgets.bokun.io\/online-sales\/0a2f0b0a-9348-47f2-b51e-5828200ce68f\/product-list\/80262\"><\/div>\n    <noscript>Please enable javascript in your browser to book<\/noscript>\n\t\t\t\t<\/div>\n\t\t\t\t<\/div>\n\t\t\t\t\t<\/div>\n\t\t\t\t<\/div>\n\t\t<div class=\"elementor-element elementor-element-bdc4057 e-con-full e-flex e-con e-child\" data-id=\"bdc4057\" data-element_type=\"container\">\n\t\t\t\t<div class=\"elementor-element elementor-element-9d239e9 elementor-widget__width-auto elementor-widget-divider--view-line elementor-widget elementor-widget-divider\" data-id=\"9d239e9\" data-element_type=\"widget\" data-widget_type=\"divider.default\">\n\t\t\t\t<div class=\"elementor-widget-container\">\n\t\t\t\t\t\t\t<div class=\"elementor-divider\">\n\t\t\t<span class=\"elementor-divider-separator\">\n\t\t\t\t\t\t<\/span>\n\t\t<\/div>\n\t\t\t\t\t\t<\/div>\n\t\t\t\t<\/div>\n\t\t\t\t<div class=\"elementor-element elementor-element-37dba82 elementor-widget elementor-widget-heading\" data-id=\"37dba82\" data-element_type=\"widget\" data-widget_type=\"heading.default\">\n\t\t\t\t<div class=\"elementor-widget-container\">\n\t\t\t\t\t<h2 class=\"elementor-heading-title elementor-size-default\">Profitez des meilleures<br>Activit\u00e9s<\/h2>\t\t\t\t<\/div>\n\t\t\t\t<\/div>\n\t\t\t\t<div class=\"elementor-element elementor-element-73aab5b elementor-widget__width-auto elementor-hidden-widescreen elementor-hidden-desktop elementor-hidden-laptop elementor-hidden-tablet_extra elementor-hidden-tablet elementor-widget-divider--view-line elementor-widget elementor-widget-divider\" data-id=\"73aab5b\" data-element_type=\"widget\" data-widget_type=\"divider.default\">\n\t\t\t\t<div class=\"elementor-widget-container\">\n\t\t\t\t\t\t\t<div class=\"elementor-divider\">\n\t\t\t<span class=\"elementor-divider-separator\">\n\t\t\t\t\t\t<\/span>\n\t\t<\/div>\n\t\t\t\t\t\t<\/div>\n\t\t\t\t<\/div>\n\t\t\t\t<\/div>\n\t\t<div class=\"elementor-element elementor-element-23d632c e-con-full e-flex e-con e-child\" data-id=\"23d632c\" data-element_type=\"container\">\n\t\t\t\t<div class=\"elementor-element elementor-element-36eb60c elementor-widget elementor-widget-heading\" data-id=\"36eb60c\" data-element_type=\"widget\" data-widget_type=\"heading.default\">\n\t\t\t\t<div class=\"elementor-widget-container\">\n\t\t\t\t\t<h2 class=\"elementor-heading-title elementor-size-default\">Explorez les autres \u00eeles<\/h2>\t\t\t\t<\/div>\n\t\t\t\t<\/div>\n\t\t\t\t<div class=\"elementor-element elementor-element-0776d22 elementor-widget elementor-widget-heading\" data-id=\"0776d22\" data-element_type=\"widget\" data-widget_type=\"heading.default\">\n\t\t\t\t<div class=\"elementor-widget-container\">\n\t\t\t\t\t<h2 class=\"elementor-heading-title elementor-size-default\">du Cabo Verde<\/h2>\t\t\t\t<\/div>\n\t\t\t\t<\/div>\n\t\t\t\t<\/div>\n\t\t\t\t\t<\/div>\n\t\t\t\t<\/div>\n\t\t<div class=\"elementor-element elementor-element-4f27ac0 e-flex e-con-boxed e-con e-parent\" data-id=\"4f27ac0\" data-element_type=\"container\">\n\t\t\t\t\t<div class=\"e-con-inner\">\n\t\t\t\t\t<\/div>\n\t\t\t\t<\/div>\n\t\t<div class=\"elementor-element elementor-element-e601b5d e-flex e-con-boxed e-con e-parent\" data-id=\"e601b5d\" data-element_type=\"container\">\n\t\t\t\t\t<div class=\"e-con-inner\">\n\t\t\t\t<div class=\"elementor-element elementor-element-3e9fb83 elementor-align-center elementor-widget elementor-widget-button\" data-id=\"3e9fb83\" data-element_type=\"widget\" data-widget_type=\"button.default\">\n\t\t\t\t<div class=\"elementor-widget-container\">\n\t\t\t\t\t\t\t\t\t<div class=\"elementor-button-wrapper\">\n\t\t\t\t\t<a class=\"elementor-button elementor-button-link elementor-size-sm\" href=\"https:\/\/u.pcloud.link\/publink\/show?code=kZczmc0ZwYunYASzD2QkwWESm5Etsj2lw5Fy\">\n\t\t\t\t\t\t<span class=\"elementor-button-content-wrapper\">\n\t\t\t\t\t\t\t\t\t<span class=\"elementor-button-text\">YOURE PICTURES HERE<\/span>\n\t\t\t\t\t<\/span>\n\t\t\t\t\t<\/a>\n\t\t\t\t<\/div>\n\t\t\t\t\t\t\t\t<\/div>\n\t\t\t\t<\/div>\n\t\t\t\t\t<\/div>\n\t\t\t\t<\/div>\n\t\t\t\t<\/div>","protected":false},"excerpt":{"rendered":"<p>best experiences in Sal Island Sal Island in Cape Verde is a paradise for sun-seekers and water sports enthusiasts. With stunning beaches, thrilling activities like diving and windsurfing, and relaxing options such as walks and spa treatments, the island caters to all. Explore its captivating interior, visit vibrant towns, savor local cuisine, and immerse yourself&hellip;&nbsp;<a href=\"https:\/\/old.spottraveltours.com\/fr\/sal-island\/\" class=\"\" rel=\"bookmark\">Lire la suite &raquo;<span class=\"screen-reader-text\">\u00ceLE DU SAL<\/span><\/a><\/p>","protected":false},"author":1,"featured_media":0,"parent":0,"menu_order":0,"comment_status":"closed","ping_status":"closed","template":"elementor_header_footer","meta":{"neve_meta_sidebar":"","neve_meta_container":"","neve_meta_enable_content_width":"","neve_meta_content_width":0,"neve_meta_title_alignment":"","neve_meta_author_avatar":"","neve_post_elements_order":"","neve_meta_disable_header":"","neve_meta_disable_footer":"","neve_meta_disable_title":"","footnotes":""},"class_list":["post-2689","page","type-page","status-publish","hentry"],"yoast_head":"<!-- This site is optimized with the Yoast SEO plugin v22.0 - https:\/\/yoast.com\/wordpress\/plugins\/seo\/ -->\n<title>SAL ISLAND - Spot Travel Tours<\/title>\n<meta name=\"robots\" content=\"index, follow, max-snippet:-1, max-image-preview:large, max-video-preview:-1\" \/>\n<link rel=\"canonical\" href=\"https:\/\/old.spottraveltours.com\/fr\/sal-island\/\" \/>\n<meta property=\"og:locale\" content=\"fr_FR\" \/>\n<meta property=\"og:type\" content=\"article\" \/>\n<meta property=\"og:title\" content=\"SAL ISLAND - Spot Travel Tours\" \/>\n<meta property=\"og:description\" content=\"best experiences in Sal Island Sal Island in Cape Verde is a paradise for sun-seekers and water sports enthusiasts. With stunning beaches, thrilling activities like diving and windsurfing, and relaxing options such as walks and spa treatments, the island caters to all. Explore its captivating interior, visit vibrant towns, savor local cuisine, and immerse yourself&hellip;&nbsp;Lire la suite &raquo;SAL ISLAND\" \/>\n<meta property=\"og:url\" content=\"https:\/\/old.spottraveltours.com\/fr\/sal-island\/\" \/>\n<meta property=\"og:site_name\" content=\"Spot Travel Tours\" \/>\n<meta property=\"article:publisher\" content=\"https:\/\/www.facebook.com\/spottourscv\/\" \/>\n<meta property=\"article:modified_time\" content=\"2024-12-05T17:14:42+00:00\" \/>\n<meta property=\"og:image\" content=\"https:\/\/old.spottraveltours.com\/wp-content\/uploads\/2023\/11\/DJI_20231009_150449_012_video.mp4.00_01_14_33.Still004-scaled.webp\" \/>\n\t<meta property=\"og:image:width\" content=\"2560\" \/>\n\t<meta property=\"og:image:height\" content=\"1440\" \/>\n\t<meta property=\"og:image:type\" content=\"image\/jpeg\" \/>\n<meta name=\"twitter:card\" content=\"summary_large_image\" \/>\n<meta name=\"twitter:label1\" content=\"Dur\u00e9e de lecture estim\u00e9e\" \/>\n\t<meta name=\"twitter:data1\" content=\"1 minute\" \/>\n<script type=\"application\/ld+json\" class=\"yoast-schema-graph\">{\"@context\":\"https:\/\/schema.org\",\"@graph\":[{\"@type\":\"WebPage\",\"@id\":\"https:\/\/old.spottraveltours.com\/sal-island\/\",\"url\":\"https:\/\/old.spottraveltours.com\/sal-island\/\",\"name\":\"SAL ISLAND - Spot Travel Tours\",\"isPartOf\":{\"@id\":\"https:\/\/old.spottraveltours.com\/#website\"},\"datePublished\":\"2023-04-19T08:31:10+00:00\",\"dateModified\":\"2024-12-05T17:14:42+00:00\",\"breadcrumb\":{\"@id\":\"https:\/\/old.spottraveltours.com\/sal-island\/#breadcrumb\"},\"inLanguage\":\"fr-FR\",\"potentialAction\":[{\"@type\":\"ReadAction\",\"target\":[\"https:\/\/old.spottraveltours.com\/sal-island\/\"]}]},{\"@type\":\"BreadcrumbList\",\"@id\":\"https:\/\/old.spottraveltours.com\/sal-island\/#breadcrumb\",\"itemListElement\":[{\"@type\":\"ListItem\",\"position\":1,\"name\":\"In\u00edcio\",\"item\":\"https:\/\/old.spottraveltours.com\/\"},{\"@type\":\"ListItem\",\"position\":2,\"name\":\"SAL ISLAND\"}]},{\"@type\":\"WebSite\",\"@id\":\"https:\/\/old.spottraveltours.com\/#website\",\"url\":\"https:\/\/old.spottraveltours.com\/\",\"name\":\"Spot Travel Tours\",\"description\":\"Cabo Verde ao Teu Ritmo\",\"publisher\":{\"@id\":\"https:\/\/old.spottraveltours.com\/#organization\"},\"potentialAction\":[{\"@type\":\"SearchAction\",\"target\":{\"@type\":\"EntryPoint\",\"urlTemplate\":\"https:\/\/old.spottraveltours.com\/?s={search_term_string}\"},\"query-input\":\"required name=search_term_string\"}],\"inLanguage\":\"fr-FR\"},{\"@type\":\"Organization\",\"@id\":\"https:\/\/old.spottraveltours.com\/#organization\",\"name\":\"Spot Travel Tours\",\"url\":\"https:\/\/old.spottraveltours.com\/\",\"logo\":{\"@type\":\"ImageObject\",\"inLanguage\":\"fr-FR\",\"@id\":\"https:\/\/old.spottraveltours.com\/#\/schema\/logo\/image\/\",\"url\":\"https:\/\/old.spottraveltours.com\/wp-content\/uploads\/2023\/03\/logocor.png\",\"contentUrl\":\"https:\/\/old.spottraveltours.com\/wp-content\/uploads\/2023\/03\/logocor.png\",\"width\":951,\"height\":950,\"caption\":\"Spot Travel Tours\"},\"image\":{\"@id\":\"https:\/\/old.spottraveltours.com\/#\/schema\/logo\/image\/\"},\"sameAs\":[\"https:\/\/www.facebook.com\/spottourscv\/\",\"https:\/\/www.facebook.com\/spottravel\/\",\"https:\/\/www.instagram.com\/spottourscv\/\",\"https:\/\/www.instagram.com\/spottraveltours\/\"]}]}<\/script>\n<!-- \/ Yoast SEO plugin. -->","yoast_head_json":{"title":"SAL ISLAND - Spot Travel Tours","robots":{"index":"index","follow":"follow","max-snippet":"max-snippet:-1","max-image-preview":"max-image-preview:large","max-video-preview":"max-video-preview:-1"},"canonical":"https:\/\/old.spottraveltours.com\/fr\/sal-island\/","og_locale":"fr_FR","og_type":"article","og_title":"SAL ISLAND - Spot Travel Tours","og_description":"best experiences in Sal Island Sal Island in Cape Verde is a paradise for sun-seekers and water sports enthusiasts. With stunning beaches, thrilling activities like diving and windsurfing, and relaxing options such as walks and spa treatments, the island caters to all. Explore its captivating interior, visit vibrant towns, savor local cuisine, and immerse yourself&hellip;&nbsp;Lire la suite &raquo;SAL ISLAND","og_url":"https:\/\/old.spottraveltours.com\/fr\/sal-island\/","og_site_name":"Spot Travel Tours","article_publisher":"https:\/\/www.facebook.com\/spottourscv\/","article_modified_time":"2024-12-05T17:14:42+00:00","og_image":[{"width":2560,"height":1440,"url":"https:\/\/old.spottraveltours.com\/wp-content\/uploads\/2023\/11\/DJI_20231009_150449_012_video.mp4.00_01_14_33.Still004-scaled.webp","type":"image\/jpeg"}],"twitter_card":"summary_large_image","twitter_misc":{"Dur\u00e9e de lecture estim\u00e9e":"1 minute"},"schema":{"@context":"https:\/\/schema.org","@graph":[{"@type":"WebPage","@id":"https:\/\/old.spottraveltours.com\/sal-island\/","url":"https:\/\/old.spottraveltours.com\/sal-island\/","name":"SAL ISLAND - Spot Travel Tours","isPartOf":{"@id":"https:\/\/old.spottraveltours.com\/#website"},"datePublished":"2023-04-19T08:31:10+00:00","dateModified":"2024-12-05T17:14:42+00:00","breadcrumb":{"@id":"https:\/\/old.spottraveltours.com\/sal-island\/#breadcrumb"},"inLanguage":"fr-FR","potentialAction":[{"@type":"ReadAction","target":["https:\/\/old.spottraveltours.com\/sal-island\/"]}]},{"@type":"BreadcrumbList","@id":"https:\/\/old.spottraveltours.com\/sal-island\/#breadcrumb","itemListElement":[{"@type":"ListItem","position":1,"name":"In\u00edcio","item":"https:\/\/old.spottraveltours.com\/"},{"@type":"ListItem","position":2,"name":"SAL ISLAND"}]},{"@type":"WebSite","@id":"https:\/\/old.spottraveltours.com\/#website","url":"https:\/\/old.spottraveltours.com\/","name":"Spot Travel Tours","description":"Cabo Verde ao Teu Ritmo","publisher":{"@id":"https:\/\/old.spottraveltours.com\/#organization"},"potentialAction":[{"@type":"SearchAction","target":{"@type":"EntryPoint","urlTemplate":"https:\/\/old.spottraveltours.com\/?s={search_term_string}"},"query-input":"required name=search_term_string"}],"inLanguage":"fr-FR"},{"@type":"Organization","@id":"https:\/\/old.spottraveltours.com\/#organization","name":"Spot Travel Tours","url":"https:\/\/old.spottraveltours.com\/","logo":{"@type":"ImageObject","inLanguage":"fr-FR","@id":"https:\/\/old.spottraveltours.com\/#\/schema\/logo\/image\/","url":"https:\/\/old.spottraveltours.com\/wp-content\/uploads\/2023\/03\/logocor.png","contentUrl":"https:\/\/old.spottraveltours.com\/wp-content\/uploads\/2023\/03\/logocor.png","width":951,"height":950,"caption":"Spot Travel Tours"},"image":{"@id":"https:\/\/old.spottraveltours.com\/#\/schema\/logo\/image\/"},"sameAs":["https:\/\/www.facebook.com\/spottourscv\/","https:\/\/www.facebook.com\/spottravel\/","https:\/\/www.instagram.com\/spottourscv\/","https:\/\/www.instagram.com\/spottraveltours\/"]}]}},"_links":{"self":[{"href":"https:\/\/old.spottraveltours.com\/fr\/wp-json\/wp\/v2\/pages\/2689","targetHints":{"allow":["GET"]}}],"collection":[{"href":"https:\/\/old.spottraveltours.com\/fr\/wp-json\/wp\/v2\/pages"}],"about":[{"href":"https:\/\/old.spottraveltours.com\/fr\/wp-json\/wp\/v2\/types\/page"}],"author":[{"embeddable":true,"href":"https:\/\/old.spottraveltours.com\/fr\/wp-json\/wp\/v2\/users\/1"}],"replies":[{"embeddable":true,"href":"https:\/\/old.spottraveltours.com\/fr\/wp-json\/wp\/v2\/comments?post=2689"}],"version-history":[{"count":118,"href":"https:\/\/old.spottraveltours.com\/fr\/wp-json\/wp\/v2\/pages\/2689\/revisions"}],"predecessor-version":[{"id":4532,"href":"https:\/\/old.spottraveltours.com\/fr\/wp-json\/wp\/v2\/pages\/2689\/revisions\/4532"}],"wp:attachment":[{"href":"https:\/\/old.spottraveltours.com\/fr\/wp-json\/wp\/v2\/media?parent=2689"}],"curies":[{"name":"wp","href":"https:\/\/api.w.org\/{rel}","templated":true}]}}