{"id":4243,"date":"2024-11-13T10:55:04","date_gmt":"2024-11-13T10:55:04","guid":{"rendered":"https:\/\/old.spottraveltours.com\/?page_id=4243"},"modified":"2024-11-13T12:44:21","modified_gmt":"2024-11-13T12:44:21","slug":"boa-vista-promocao","status":"publish","type":"page","link":"https:\/\/old.spottraveltours.com\/fr\/boa-vista-promocao\/","title":{"rendered":"BOA VISTA PROMO\u00c7\u00c3O"},"content":{"rendered":"<div data-elementor-type=\"wp-page\" data-elementor-id=\"4243\" class=\"elementor elementor-4243\">\n\t\t\t\t<div class=\"elementor-element elementor-element-768e043 e-con-full e-flex e-con e-parent\" data-id=\"768e043\" data-element_type=\"container\" data-settings=\"{&quot;background_background&quot;:&quot;classic&quot;,&quot;shape_divider_bottom&quot;:&quot;wave-brush&quot;}\">\n\t\t\t\t<div class=\"elementor-shape elementor-shape-bottom\" data-negative=\"false\">\n\t\t\t<svg xmlns=\"http:\/\/www.w3.org\/2000\/svg\" viewbox=\"0 0 283.5 27.8\" preserveaspectratio=\"none\">\n\t<path class=\"elementor-shape-fill\" d=\"M283.5,9.7c0,0-7.3,4.3-14,4.6c-6.8,0.3-12.6,0-20.9-1.5c-11.3-2-33.1-10.1-44.7-5.7\ts-12.1,4.6-18,7.4c-6.6,3.2-20,9.6-36.6,9.3C131.6,23.5,99.5,7.2,86.3,8c-1.4,0.1-6.6,0.8-10.5,2c-3.8,1.2-9.4,3.8-17,4.7\tc-3.2,0.4-8.3,1.1-14.2,0.9c-1.5-0.1-6.3-0.4-12-1.6c-5.7-1.2-11-3.1-15.8-3.7C6.5,9.2,0,10.8,0,10.8V0h283.5V9.7z M260.8,11.3\tc-0.7-1-2-0.4-4.3-0.4c-2.3,0-6.1-1.2-5.8-1.1c0.3,0.1,3.1,1.5,6,1.9C259.7,12.2,261.4,12.3,260.8,11.3z M242.4,8.6\tc0,0-2.4-0.2-5.6-0.9c-3.2-0.8-10.3-2.8-15.1-3.5c-8.2-1.1-15.8,0-15.1,0.1c0.8,0.1,9.6-0.6,17.6,1.1c3.3,0.7,9.3,2.2,12.4,2.7\tC239.9,8.7,242.4,8.6,242.4,8.6z M185.2,8.5c1.7-0.7-13.3,4.7-18.5,6.1c-2.1,0.6-6.2,1.6-10,2c-3.9,0.4-8.9,0.4-8.8,0.5\tc0,0.2,5.8,0.8,11.2,0c5.4-0.8,5.2-1.1,7.6-1.6C170.5,14.7,183.5,9.2,185.2,8.5z M199.1,6.9c0.2,0-0.8-0.4-4.8,1.1\tc-4,1.5-6.7,3.5-6.9,3.7c-0.2,0.1,3.5-1.8,6.6-3C197,7.5,199,6.9,199.1,6.9z M283,6c-0.1,0.1-1.9,1.1-4.8,2.5s-6.9,2.8-6.7,2.7\tc0.2,0,3.5-0.6,7.4-2.5C282.8,6.8,283.1,5.9,283,6z M31.3,11.6c0.1-0.2-1.9-0.2-4.5-1.2s-5.4-1.6-7.8-2C15,7.6,7.3,8.5,7.7,8.6\tC8,8.7,15.9,8.3,20.2,9.3c2.2,0.5,2.4,0.5,5.7,1.6S31.2,11.9,31.3,11.6z M73,9.2c0.4-0.1,3.5-1.6,8.4-2.6c4.9-1.1,8.9-0.5,8.9-0.8\tc0-0.3-1-0.9-6.2-0.3S72.6,9.3,73,9.2z M71.6,6.7C71.8,6.8,75,5.4,77.3,5c2.3-0.3,1.9-0.5,1.9-0.6c0-0.1-1.1-0.2-2.7,0.2\tC74.8,5.1,71.4,6.6,71.6,6.7z M93.6,4.4c0.1,0.2,3.5,0.8,5.6,1.8c2.1,1,1.8,0.6,1.9,0.5c0.1-0.1-0.8-0.8-2.4-1.3\tC97.1,4.8,93.5,4.2,93.6,4.4z M65.4,11.1c-0.1,0.3,0.3,0.5,1.9-0.2s2.6-1.3,2.2-1.2s-0.9,0.4-2.5,0.8C65.3,10.9,65.5,10.8,65.4,11.1\tz M34.5,12.4c-0.2,0,2.1,0.8,3.3,0.9c1.2,0.1,2,0.1,2-0.2c0-0.3-0.1-0.5-1.6-0.4C36.6,12.8,34.7,12.4,34.5,12.4z M152.2,21.1\tc-0.1,0.1-2.4-0.3-7.5-0.3c-5,0-13.6-2.4-17.2-3.5c-3.6-1.1,10,3.9,16.5,4.1C150.5,21.6,152.3,21,152.2,21.1z\"\/>\n\t<path class=\"elementor-shape-fill\" d=\"M269.6,18c-0.1-0.1-4.6,0.3-7.2,0c-7.3-0.7-17-3.2-16.6-2.9c0.4,0.3,13.7,3.1,17,3.3\tC267.7,18.8,269.7,18,269.6,18z\"\/>\n\t<path class=\"elementor-shape-fill\" d=\"M227.4,9.8c-0.2-0.1-4.5-1-9.5-1.2c-5-0.2-12.7,0.6-12.3,0.5c0.3-0.1,5.9-1.8,13.3-1.2\tS227.6,9.9,227.4,9.8z\"\/>\n\t<path class=\"elementor-shape-fill\" d=\"M204.5,13.4c-0.1-0.1,2-1,3.2-1.1c1.2-0.1,2,0,2,0.3c0,0.3-0.1,0.5-1.6,0.4\tC206.4,12.9,204.6,13.5,204.5,13.4z\"\/>\n\t<path class=\"elementor-shape-fill\" d=\"M201,10.6c0-0.1-4.4,1.2-6.3,2.2c-1.9,0.9-6.2,3.1-6.1,3.1c0.1,0.1,4.2-1.6,6.3-2.6\tS201,10.7,201,10.6z\"\/>\n\t<path class=\"elementor-shape-fill\" d=\"M154.5,26.7c-0.1-0.1-4.6,0.3-7.2,0c-7.3-0.7-17-3.2-16.6-2.9c0.4,0.3,13.7,3.1,17,3.3\tC152.6,27.5,154.6,26.8,154.5,26.7z\"\/>\n\t<path class=\"elementor-shape-fill\" d=\"M41.9,19.3c0,0,1.2-0.3,2.9-0.1c1.7,0.2,5.8,0.9,8.2,0.7c4.2-0.4,7.4-2.7,7-2.6\tc-0.4,0-4.3,2.2-8.6,1.9c-1.8-0.1-5.1-0.5-6.7-0.4S41.9,19.3,41.9,19.3z\"\/>\n\t<path class=\"elementor-shape-fill\" d=\"M75.5,12.6c0.2,0.1,2-0.8,4.3-1.1c2.3-0.2,2.1-0.3,2.1-0.5c0-0.1-1.8-0.4-3.4,0\tC76.9,11.5,75.3,12.5,75.5,12.6z\"\/>\n\t<path class=\"elementor-shape-fill\" d=\"M15.6,13.2c0-0.1,4.3,0,6.7,0.5c2.4,0.5,5,1.9,5,2c0,0.1-2.7-0.8-5.1-1.4\tC19.9,13.7,15.7,13.3,15.6,13.2z\"\/>\n<\/svg>\t\t<\/div>\n\t\t\t\t<\/div>\n\t\t<div class=\"elementor-element elementor-element-88df10a e-flex e-con-boxed e-con e-parent\" data-id=\"88df10a\" data-element_type=\"container\">\n\t\t\t\t\t<div class=\"e-con-inner\">\n\t\t<div class=\"elementor-element elementor-element-d42723c e-con-full e-flex e-con e-child\" data-id=\"d42723c\" data-element_type=\"container\">\n\t\t\t\t<div class=\"elementor-element elementor-element-3e1e353 elementor-invisible elementor-widget elementor-widget-heading\" data-id=\"3e1e353\" data-element_type=\"widget\" data-settings=\"{&quot;_animation&quot;:&quot;fadeIn&quot;}\" data-widget_type=\"heading.default\">\n\t\t\t\t<div class=\"elementor-widget-container\">\n\t\t\t\t\t<h2 class=\"elementor-heading-title elementor-size-default\">A MELHOR PROMO\u00c7\u00c3O DE<\/h2>\t\t\t\t<\/div>\n\t\t\t\t<\/div>\n\t\t\t\t<div class=\"elementor-element elementor-element-b32f52b elementor-invisible elementor-widget elementor-widget-heading\" data-id=\"b32f52b\" data-element_type=\"widget\" data-settings=\"{&quot;_animation&quot;:&quot;fadeInDown&quot;,&quot;_animation_delay&quot;:200}\" data-widget_type=\"heading.default\">\n\t\t\t\t<div class=\"elementor-widget-container\">\n\t\t\t\t\t<h2 class=\"elementor-heading-title elementor-size-default\">Boa Vista<\/h2>\t\t\t\t<\/div>\n\t\t\t\t<\/div>\n\t\t\t\t<div class=\"elementor-element elementor-element-a535365 elementor-invisible elementor-widget elementor-widget-heading\" data-id=\"a535365\" data-element_type=\"widget\" data-settings=\"{&quot;_animation&quot;:&quot;fadeInDown&quot;,&quot;_animation_delay&quot;:400}\" data-widget_type=\"heading.default\">\n\t\t\t\t<div class=\"elementor-widget-container\">\n\t\t\t\t\t<h2 class=\"elementor-heading-title elementor-size-default\">Explore Boa Vista, a Ilha das Dunas de Areia, e vivencie praias deslumbrantes e paisagens exuberantes com passeios de um dia inteiro ou meio dia. Aproveita j\u00e1 a melhor promo\u00e7\u00e3o da Ilha para Portugueses.<\/h2>\t\t\t\t<\/div>\n\t\t\t\t<\/div>\n\t\t\t\t<\/div>\n\t\t\t\t<div class=\"elementor-element elementor-element-ff443ef elementor-widget elementor-widget-html\" data-id=\"ff443ef\" data-element_type=\"widget\" data-widget_type=\"html.default\">\n\t\t\t\t<div class=\"elementor-widget-container\">\n\t\t\t\t\t<script type=\"text\/javascript\" src=\"https:\/\/widgets.bokun.io\/assets\/javascripts\/apps\/build\/BokunWidgetsLoader.js?bookingChannelUUID=0a2f0b0a-9348-47f2-b51e-5828200ce68f\" async><\/script>\n     \n    <div class=\"bokunWidget\" data-src=\"https:\/\/widgets.bokun.io\/online-sales\/0a2f0b0a-9348-47f2-b51e-5828200ce68f\/product-list\/82870\"><\/div>\n    <noscript>Please enable javascript in your browser to book<\/noscript>\n\t\t\t\t<\/div>\n\t\t\t\t<\/div>\n\t\t\t\t\t<\/div>\n\t\t\t\t<\/div>\n\t\t<div class=\"elementor-element elementor-element-4a19328 e-flex e-con-boxed e-con e-parent\" data-id=\"4a19328\" data-element_type=\"container\">\n\t\t\t\t\t<div class=\"e-con-inner\">\n\t\t<div class=\"elementor-element elementor-element-90a754d e-con-full e-flex e-con e-child\" data-id=\"90a754d\" data-element_type=\"container\">\n\t\t\t\t<div class=\"elementor-element elementor-element-5c1b370 elementor-widget__width-auto elementor-widget-divider--view-line elementor-widget elementor-widget-divider\" data-id=\"5c1b370\" data-element_type=\"widget\" data-widget_type=\"divider.default\">\n\t\t\t\t<div class=\"elementor-widget-container\">\n\t\t\t\t\t\t\t<div class=\"elementor-divider\">\n\t\t\t<span class=\"elementor-divider-separator\">\n\t\t\t\t\t\t<\/span>\n\t\t<\/div>\n\t\t\t\t\t\t<\/div>\n\t\t\t\t<\/div>\n\t\t\t\t<div class=\"elementor-element elementor-element-b05a36f elementor-widget elementor-widget-heading\" data-id=\"b05a36f\" data-element_type=\"widget\" data-widget_type=\"heading.default\">\n\t\t\t\t<div class=\"elementor-widget-container\">\n\t\t\t\t\t<h2 class=\"elementor-heading-title elementor-size-default\">Profitez des meilleures<br>Activit\u00e9s<\/h2>\t\t\t\t<\/div>\n\t\t\t\t<\/div>\n\t\t\t\t<div class=\"elementor-element elementor-element-da11806 elementor-widget__width-auto elementor-hidden-widescreen elementor-hidden-desktop elementor-hidden-laptop elementor-hidden-tablet_extra elementor-hidden-tablet elementor-widget-divider--view-line elementor-widget elementor-widget-divider\" data-id=\"da11806\" data-element_type=\"widget\" data-widget_type=\"divider.default\">\n\t\t\t\t<div class=\"elementor-widget-container\">\n\t\t\t\t\t\t\t<div class=\"elementor-divider\">\n\t\t\t<span class=\"elementor-divider-separator\">\n\t\t\t\t\t\t<\/span>\n\t\t<\/div>\n\t\t\t\t\t\t<\/div>\n\t\t\t\t<\/div>\n\t\t\t\t<\/div>\n\t\t<div class=\"elementor-element elementor-element-10efd6f e-con-full e-flex e-con e-child\" data-id=\"10efd6f\" data-element_type=\"container\">\n\t\t\t\t<div class=\"elementor-element elementor-element-7e52136 elementor-widget elementor-widget-heading\" data-id=\"7e52136\" data-element_type=\"widget\" data-widget_type=\"heading.default\">\n\t\t\t\t<div class=\"elementor-widget-container\">\n\t\t\t\t\t<h2 class=\"elementor-heading-title elementor-size-default\">Explorez les autres \u00eeles<\/h2>\t\t\t\t<\/div>\n\t\t\t\t<\/div>\n\t\t\t\t<div class=\"elementor-element elementor-element-654f321 elementor-widget elementor-widget-heading\" data-id=\"654f321\" data-element_type=\"widget\" data-widget_type=\"heading.default\">\n\t\t\t\t<div class=\"elementor-widget-container\">\n\t\t\t\t\t<h2 class=\"elementor-heading-title elementor-size-default\">du Cabo Verde<\/h2>\t\t\t\t<\/div>\n\t\t\t\t<\/div>\n\t\t\t\t<\/div>\n\t\t\t\t\t<\/div>\n\t\t\t\t<\/div>\n\t\t<div class=\"elementor-element elementor-element-f4efd1a e-flex e-con-boxed e-con e-parent\" data-id=\"f4efd1a\" data-element_type=\"container\">\n\t\t\t\t\t<div class=\"e-con-inner\">\n\t\t\t\t\t<\/div>\n\t\t\t\t<\/div>\n\t\t\t\t<\/div>","protected":false},"excerpt":{"rendered":"<p>A MELHOR PROMO\u00c7\u00c3O DE Boa Vista Explore Boa Vista, a Ilha das Dunas de Areia, e vivencie praias deslumbrantes e paisagens exuberantes com passeios de um dia inteiro ou meio dia. Aproveita j\u00e1 a melhor promo\u00e7\u00e3o da Ilha para Portugueses. Please enable javascript in your browser to book Enjoy the bestActivities Explore the other islands&hellip;&nbsp;<a href=\"https:\/\/old.spottraveltours.com\/fr\/boa-vista-promocao\/\" class=\"\" rel=\"bookmark\">Lire la suite &raquo;<span class=\"screen-reader-text\">BOA VISTA PROMO\u00c7\u00c3O<\/span><\/a><\/p>","protected":false},"author":1,"featured_media":0,"parent":0,"menu_order":0,"comment_status":"closed","ping_status":"closed","template":"elementor_header_footer","meta":{"neve_meta_sidebar":"","neve_meta_container":"","neve_meta_enable_content_width":"","neve_meta_content_width":0,"neve_meta_title_alignment":"","neve_meta_author_avatar":"","neve_post_elements_order":"","neve_meta_disable_header":"","neve_meta_disable_footer":"","neve_meta_disable_title":"","footnotes":""},"class_list":["post-4243","page","type-page","status-publish","hentry"],"yoast_head":"<!-- This site is optimized with the Yoast SEO plugin v22.0 - https:\/\/yoast.com\/wordpress\/plugins\/seo\/ -->\n<title>BOA VISTA PROMO\u00c7\u00c3O - Spot Travel Tours<\/title>\n<meta name=\"robots\" content=\"index, follow, max-snippet:-1, max-image-preview:large, max-video-preview:-1\" \/>\n<link rel=\"canonical\" href=\"https:\/\/old.spottraveltours.com\/fr\/boa-vista-promocao\/\" \/>\n<meta property=\"og:locale\" content=\"fr_FR\" \/>\n<meta property=\"og:type\" content=\"article\" \/>\n<meta property=\"og:title\" content=\"BOA VISTA PROMO\u00c7\u00c3O - Spot Travel Tours\" \/>\n<meta property=\"og:description\" content=\"A MELHOR PROMO\u00c7\u00c3O DE Boa Vista Explore Boa Vista, a Ilha das Dunas de Areia, e vivencie praias deslumbrantes e paisagens exuberantes com passeios de um dia inteiro ou meio dia. Aproveita j\u00e1 a melhor promo\u00e7\u00e3o da Ilha para Portugueses. Please enable javascript in your browser to book Enjoy the bestActivities Explore the other islands&hellip;&nbsp;Lire la suite &raquo;BOA VISTA PROMO\u00c7\u00c3O\" \/>\n<meta property=\"og:url\" content=\"https:\/\/old.spottraveltours.com\/fr\/boa-vista-promocao\/\" \/>\n<meta property=\"og:site_name\" content=\"Spot Travel Tours\" \/>\n<meta property=\"article:publisher\" content=\"https:\/\/www.facebook.com\/spottourscv\/\" \/>\n<meta property=\"article:modified_time\" content=\"2024-11-13T12:44:21+00:00\" \/>\n<meta property=\"og:image\" content=\"https:\/\/old.spottraveltours.com\/wp-content\/uploads\/2023\/11\/DJI_20231009_150449_012_video.mp4.00_01_14_33.Still004-scaled.webp\" \/>\n\t<meta property=\"og:image:width\" content=\"2560\" \/>\n\t<meta property=\"og:image:height\" content=\"1440\" \/>\n\t<meta property=\"og:image:type\" content=\"image\/jpeg\" \/>\n<meta name=\"twitter:card\" content=\"summary_large_image\" \/>\n<meta name=\"twitter:label1\" content=\"Dur\u00e9e de lecture estim\u00e9e\" \/>\n\t<meta name=\"twitter:data1\" content=\"1 minute\" \/>\n<script type=\"application\/ld+json\" class=\"yoast-schema-graph\">{\"@context\":\"https:\/\/schema.org\",\"@graph\":[{\"@type\":\"WebPage\",\"@id\":\"https:\/\/old.spottraveltours.com\/boa-vista-promocao\/\",\"url\":\"https:\/\/old.spottraveltours.com\/boa-vista-promocao\/\",\"name\":\"BOA VISTA PROMO\u00c7\u00c3O - Spot Travel Tours\",\"isPartOf\":{\"@id\":\"https:\/\/old.spottraveltours.com\/#website\"},\"datePublished\":\"2024-11-13T10:55:04+00:00\",\"dateModified\":\"2024-11-13T12:44:21+00:00\",\"breadcrumb\":{\"@id\":\"https:\/\/old.spottraveltours.com\/boa-vista-promocao\/#breadcrumb\"},\"inLanguage\":\"fr-FR\",\"potentialAction\":[{\"@type\":\"ReadAction\",\"target\":[\"https:\/\/old.spottraveltours.com\/boa-vista-promocao\/\"]}]},{\"@type\":\"BreadcrumbList\",\"@id\":\"https:\/\/old.spottraveltours.com\/boa-vista-promocao\/#breadcrumb\",\"itemListElement\":[{\"@type\":\"ListItem\",\"position\":1,\"name\":\"In\u00edcio\",\"item\":\"https:\/\/old.spottraveltours.com\/\"},{\"@type\":\"ListItem\",\"position\":2,\"name\":\"BOA VISTA PROMO\u00c7\u00c3O\"}]},{\"@type\":\"WebSite\",\"@id\":\"https:\/\/old.spottraveltours.com\/#website\",\"url\":\"https:\/\/old.spottraveltours.com\/\",\"name\":\"Spot Travel Tours\",\"description\":\"Cabo Verde ao Teu Ritmo\",\"publisher\":{\"@id\":\"https:\/\/old.spottraveltours.com\/#organization\"},\"potentialAction\":[{\"@type\":\"SearchAction\",\"target\":{\"@type\":\"EntryPoint\",\"urlTemplate\":\"https:\/\/old.spottraveltours.com\/?s={search_term_string}\"},\"query-input\":\"required name=search_term_string\"}],\"inLanguage\":\"fr-FR\"},{\"@type\":\"Organization\",\"@id\":\"https:\/\/old.spottraveltours.com\/#organization\",\"name\":\"Spot Travel Tours\",\"url\":\"https:\/\/old.spottraveltours.com\/\",\"logo\":{\"@type\":\"ImageObject\",\"inLanguage\":\"fr-FR\",\"@id\":\"https:\/\/old.spottraveltours.com\/#\/schema\/logo\/image\/\",\"url\":\"https:\/\/old.spottraveltours.com\/wp-content\/uploads\/2023\/03\/logocor.png\",\"contentUrl\":\"https:\/\/old.spottraveltours.com\/wp-content\/uploads\/2023\/03\/logocor.png\",\"width\":951,\"height\":950,\"caption\":\"Spot Travel Tours\"},\"image\":{\"@id\":\"https:\/\/old.spottraveltours.com\/#\/schema\/logo\/image\/\"},\"sameAs\":[\"https:\/\/www.facebook.com\/spottourscv\/\",\"https:\/\/www.facebook.com\/spottravel\/\",\"https:\/\/www.instagram.com\/spottourscv\/\",\"https:\/\/www.instagram.com\/spottraveltours\/\"]}]}<\/script>\n<!-- \/ Yoast SEO plugin. -->","yoast_head_json":{"title":"BOA VISTA PROMO\u00c7\u00c3O - Spot Travel Tours","robots":{"index":"index","follow":"follow","max-snippet":"max-snippet:-1","max-image-preview":"max-image-preview:large","max-video-preview":"max-video-preview:-1"},"canonical":"https:\/\/old.spottraveltours.com\/fr\/boa-vista-promocao\/","og_locale":"fr_FR","og_type":"article","og_title":"BOA VISTA PROMO\u00c7\u00c3O - Spot Travel Tours","og_description":"A MELHOR PROMO\u00c7\u00c3O DE Boa Vista Explore Boa Vista, a Ilha das Dunas de Areia, e vivencie praias deslumbrantes e paisagens exuberantes com passeios de um dia inteiro ou meio dia. Aproveita j\u00e1 a melhor promo\u00e7\u00e3o da Ilha para Portugueses. Please enable javascript in your browser to book Enjoy the bestActivities Explore the other islands&hellip;&nbsp;Lire la suite &raquo;BOA VISTA PROMO\u00c7\u00c3O","og_url":"https:\/\/old.spottraveltours.com\/fr\/boa-vista-promocao\/","og_site_name":"Spot Travel Tours","article_publisher":"https:\/\/www.facebook.com\/spottourscv\/","article_modified_time":"2024-11-13T12:44:21+00:00","og_image":[{"width":2560,"height":1440,"url":"https:\/\/old.spottraveltours.com\/wp-content\/uploads\/2023\/11\/DJI_20231009_150449_012_video.mp4.00_01_14_33.Still004-scaled.webp","type":"image\/jpeg"}],"twitter_card":"summary_large_image","twitter_misc":{"Dur\u00e9e de lecture estim\u00e9e":"1 minute"},"schema":{"@context":"https:\/\/schema.org","@graph":[{"@type":"WebPage","@id":"https:\/\/old.spottraveltours.com\/boa-vista-promocao\/","url":"https:\/\/old.spottraveltours.com\/boa-vista-promocao\/","name":"BOA VISTA PROMO\u00c7\u00c3O - Spot Travel Tours","isPartOf":{"@id":"https:\/\/old.spottraveltours.com\/#website"},"datePublished":"2024-11-13T10:55:04+00:00","dateModified":"2024-11-13T12:44:21+00:00","breadcrumb":{"@id":"https:\/\/old.spottraveltours.com\/boa-vista-promocao\/#breadcrumb"},"inLanguage":"fr-FR","potentialAction":[{"@type":"ReadAction","target":["https:\/\/old.spottraveltours.com\/boa-vista-promocao\/"]}]},{"@type":"BreadcrumbList","@id":"https:\/\/old.spottraveltours.com\/boa-vista-promocao\/#breadcrumb","itemListElement":[{"@type":"ListItem","position":1,"name":"In\u00edcio","item":"https:\/\/old.spottraveltours.com\/"},{"@type":"ListItem","position":2,"name":"BOA VISTA PROMO\u00c7\u00c3O"}]},{"@type":"WebSite","@id":"https:\/\/old.spottraveltours.com\/#website","url":"https:\/\/old.spottraveltours.com\/","name":"Spot Travel Tours","description":"Cabo Verde ao Teu Ritmo","publisher":{"@id":"https:\/\/old.spottraveltours.com\/#organization"},"potentialAction":[{"@type":"SearchAction","target":{"@type":"EntryPoint","urlTemplate":"https:\/\/old.spottraveltours.com\/?s={search_term_string}"},"query-input":"required name=search_term_string"}],"inLanguage":"fr-FR"},{"@type":"Organization","@id":"https:\/\/old.spottraveltours.com\/#organization","name":"Spot Travel Tours","url":"https:\/\/old.spottraveltours.com\/","logo":{"@type":"ImageObject","inLanguage":"fr-FR","@id":"https:\/\/old.spottraveltours.com\/#\/schema\/logo\/image\/","url":"https:\/\/old.spottraveltours.com\/wp-content\/uploads\/2023\/03\/logocor.png","contentUrl":"https:\/\/old.spottraveltours.com\/wp-content\/uploads\/2023\/03\/logocor.png","width":951,"height":950,"caption":"Spot Travel Tours"},"image":{"@id":"https:\/\/old.spottraveltours.com\/#\/schema\/logo\/image\/"},"sameAs":["https:\/\/www.facebook.com\/spottourscv\/","https:\/\/www.facebook.com\/spottravel\/","https:\/\/www.instagram.com\/spottourscv\/","https:\/\/www.instagram.com\/spottraveltours\/"]}]}},"_links":{"self":[{"href":"https:\/\/old.spottraveltours.com\/fr\/wp-json\/wp\/v2\/pages\/4243","targetHints":{"allow":["GET"]}}],"collection":[{"href":"https:\/\/old.spottraveltours.com\/fr\/wp-json\/wp\/v2\/pages"}],"about":[{"href":"https:\/\/old.spottraveltours.com\/fr\/wp-json\/wp\/v2\/types\/page"}],"author":[{"embeddable":true,"href":"https:\/\/old.spottraveltours.com\/fr\/wp-json\/wp\/v2\/users\/1"}],"replies":[{"embeddable":true,"href":"https:\/\/old.spottraveltours.com\/fr\/wp-json\/wp\/v2\/comments?post=4243"}],"version-history":[{"count":66,"href":"https:\/\/old.spottraveltours.com\/fr\/wp-json\/wp\/v2\/pages\/4243\/revisions"}],"predecessor-version":[{"id":4312,"href":"https:\/\/old.spottraveltours.com\/fr\/wp-json\/wp\/v2\/pages\/4243\/revisions\/4312"}],"wp:attachment":[{"href":"https:\/\/old.spottraveltours.com\/fr\/wp-json\/wp\/v2\/media?parent=4243"}],"curies":[{"name":"wp","href":"https:\/\/api.w.org\/{rel}","templated":true}]}}